{"id":6302,"date":"2025-05-26T11:00:52","date_gmt":"2025-05-26T11:00:52","guid":{"rendered":"https:\/\/orthodoxblessings.com\/shop\/ikon-av-st-sergius-av-radonje-2\/"},"modified":"2025-05-26T11:00:52","modified_gmt":"2025-05-26T11:00:52","slug":"ikon-av-st-sergius-av-radonje-2","status":"publish","type":"product","link":"https:\/\/orthodoxblessings.com\/sv\/shop\/ikon-av-st-sergius-av-radonje-2\/","title":{"rendered":"Ikon av St Sergius av Radonje"},"content":{"rendered":"<p>En ikon som f\u00f6rest\u00e4ller ett av ortodoxins st\u00f6rsta helgon. Den \u00e4r l\u00e4mplig f\u00f6r b\u00f6n och andligt st\u00f6d. <\/p>\n","protected":false},"excerpt":{"rendered":"<p>En ikon som f\u00f6rest\u00e4ller ett av ortodoxins st\u00f6rsta helgon. Den \u00e4r l\u00e4mplig f\u00f6r b\u00f6n och andligt st\u00f6d.<\/p>\n","protected":false},"featured_media":0,"template":"","meta":{"give_campaign_id":0},"product_brand":[],"product_cat":[511],"product_tag":[],"class_list":{"0":"post-6302","1":"product","2":"type-product","3":"status-publish","5":"product_cat-ryska-ikoner","7":"first","8":"instock","9":"purchasable","10":"product-type-simple"},"_links":{"self":[{"href":"https:\/\/orthodoxblessings.com\/sv\/wp-json\/wp\/v2\/product\/6302","targetHints":{"allow":["GET"]}}],"collection":[{"href":"https:\/\/orthodoxblessings.com\/sv\/wp-json\/wp\/v2\/product"}],"about":[{"href":"https:\/\/orthodoxblessings.com\/sv\/wp-json\/wp\/v2\/types\/product"}],"wp:attachment":[{"href":"https:\/\/orthodoxblessings.com\/sv\/wp-json\/wp\/v2\/media?parent=6302"}],"wp:term":[{"taxonomy":"product_brand","embeddable":true,"href":"https:\/\/orthodoxblessings.com\/sv\/wp-json\/wp\/v2\/product_brand?post=6302"},{"taxonomy":"product_cat","embeddable":true,"href":"https:\/\/orthodoxblessings.com\/sv\/wp-json\/wp\/v2\/product_cat?post=6302"},{"taxonomy":"product_tag","embeddable":true,"href":"https:\/\/orthodoxblessings.com\/sv\/wp-json\/wp\/v2\/product_tag?post=6302"}],"curies":[{"name":"wp","href":"https:\/\/api.w.org\/{rel}","templated":true}]}}