{"id":6299,"date":"2025-05-26T11:00:52","date_gmt":"2025-05-26T11:00:52","guid":{"rendered":"https:\/\/orthodoxblessings.com\/shop\/ikon-for-den-allra-heligaste-guds-moder-av-ostrobram\/"},"modified":"2025-05-26T11:00:52","modified_gmt":"2025-05-26T11:00:52","slug":"ikon-for-den-allra-heligaste-guds-moder-av-ostrobram","status":"publish","type":"product","link":"https:\/\/orthodoxblessings.com\/sv\/shop\/ikon-for-den-allra-heligaste-guds-moder-av-ostrobram\/","title":{"rendered":"Ikon f\u00f6r den allra heligaste Guds moder av Ostrobram"},"content":{"rendered":"<p>En ikon som visar den mirakul\u00f6sa ikonen av Guds Moder, k\u00e4nd f\u00f6r sina helande krafter. Noggrant m\u00e5lad, l\u00e4mplig f\u00f6r troende som s\u00f6ker andlig tr\u00f6st. <\/p>\n","protected":false},"excerpt":{"rendered":"<p>En ikon som visar den mirakul\u00f6sa ikonen av Guds Moder, k\u00e4nd f\u00f6r sina helande krafter. Noggrant m\u00e5lad, l\u00e4mplig f\u00f6r troende som s\u00f6ker andlig tr\u00f6st.<\/p>\n","protected":false},"featured_media":0,"template":"","meta":{"give_campaign_id":0},"product_brand":[],"product_cat":[511],"product_tag":[],"class_list":{"0":"post-6299","1":"product","2":"type-product","3":"status-publish","5":"product_cat-ryska-ikoner","7":"first","8":"instock","9":"purchasable","10":"product-type-simple"},"_links":{"self":[{"href":"https:\/\/orthodoxblessings.com\/sv\/wp-json\/wp\/v2\/product\/6299","targetHints":{"allow":["GET"]}}],"collection":[{"href":"https:\/\/orthodoxblessings.com\/sv\/wp-json\/wp\/v2\/product"}],"about":[{"href":"https:\/\/orthodoxblessings.com\/sv\/wp-json\/wp\/v2\/types\/product"}],"wp:attachment":[{"href":"https:\/\/orthodoxblessings.com\/sv\/wp-json\/wp\/v2\/media?parent=6299"}],"wp:term":[{"taxonomy":"product_brand","embeddable":true,"href":"https:\/\/orthodoxblessings.com\/sv\/wp-json\/wp\/v2\/product_brand?post=6299"},{"taxonomy":"product_cat","embeddable":true,"href":"https:\/\/orthodoxblessings.com\/sv\/wp-json\/wp\/v2\/product_cat?post=6299"},{"taxonomy":"product_tag","embeddable":true,"href":"https:\/\/orthodoxblessings.com\/sv\/wp-json\/wp\/v2\/product_tag?post=6299"}],"curies":[{"name":"wp","href":"https:\/\/api.w.org\/{rel}","templated":true}]}}