{"id":6294,"date":"2025-05-26T11:00:52","date_gmt":"2025-05-26T11:00:52","guid":{"rendered":"https:\/\/orthodoxblessings.com\/shop\/ikon-for-det-allra-heligaste-theotokos-det-ar-vardigt\/"},"modified":"2025-05-26T11:00:52","modified_gmt":"2025-05-26T11:00:52","slug":"ikon-for-det-allra-heligaste-theotokos-det-ar-vardigt","status":"publish","type":"product","link":"https:\/\/orthodoxblessings.com\/sv\/shop\/ikon-for-det-allra-heligaste-theotokos-det-ar-vardigt\/","title":{"rendered":"Ikon f\u00f6r det allra heligaste Theotokos &#8211; Det \u00e4r v\u00e4rdigt"},"content":{"rendered":"<p>En ikon som representerar Guds moder med Kristusbarnet, i firande och b\u00f6n. En grund i ortodox ikonografi, l\u00e4mplig f\u00f6r hem och tempel. <\/p>\n","protected":false},"excerpt":{"rendered":"<p>En ikon som representerar Guds moder med Kristusbarnet, i firande och b\u00f6n. En grund i ortodox ikonografi, l\u00e4mplig f\u00f6r hem och tempel.<\/p>\n","protected":false},"featured_media":0,"template":"","meta":{"give_campaign_id":0},"product_brand":[],"product_cat":[509],"product_tag":[],"class_list":{"0":"post-6294","1":"product","2":"type-product","3":"status-publish","5":"product_cat-traikoner","7":"first","8":"outofstock","9":"purchasable","10":"product-type-simple"},"_links":{"self":[{"href":"https:\/\/orthodoxblessings.com\/sv\/wp-json\/wp\/v2\/product\/6294","targetHints":{"allow":["GET"]}}],"collection":[{"href":"https:\/\/orthodoxblessings.com\/sv\/wp-json\/wp\/v2\/product"}],"about":[{"href":"https:\/\/orthodoxblessings.com\/sv\/wp-json\/wp\/v2\/types\/product"}],"wp:attachment":[{"href":"https:\/\/orthodoxblessings.com\/sv\/wp-json\/wp\/v2\/media?parent=6294"}],"wp:term":[{"taxonomy":"product_brand","embeddable":true,"href":"https:\/\/orthodoxblessings.com\/sv\/wp-json\/wp\/v2\/product_brand?post=6294"},{"taxonomy":"product_cat","embeddable":true,"href":"https:\/\/orthodoxblessings.com\/sv\/wp-json\/wp\/v2\/product_cat?post=6294"},{"taxonomy":"product_tag","embeddable":true,"href":"https:\/\/orthodoxblessings.com\/sv\/wp-json\/wp\/v2\/product_tag?post=6294"}],"curies":[{"name":"wp","href":"https:\/\/api.w.org\/{rel}","templated":true}]}}