{"id":6291,"date":"2025-05-26T11:00:52","date_gmt":"2025-05-26T11:00:52","guid":{"rendered":"https:\/\/orthodoxblessings.com\/shop\/ikon-av-st-george-durdevdan\/"},"modified":"2025-05-26T11:00:52","modified_gmt":"2025-05-26T11:00:52","slug":"ikon-av-st-george-durdevdan","status":"publish","type":"product","link":"https:\/\/orthodoxblessings.com\/sv\/shop\/ikon-av-st-george-durdevdan\/","title":{"rendered":"Ikon av St George &#8211; \u0110ur\u0111evdan"},"content":{"rendered":"<p>En ikon som skildrar \u00f6gonblicket av Saint Georges seger \u00f6ver ondskan. Troget gjord i den ortodoxa ikonografins anda. <\/p>\n","protected":false},"excerpt":{"rendered":"<p>En ikon som skildrar \u00f6gonblicket av Saint Georges seger \u00f6ver ondskan. Troget gjord i den ortodoxa ikonografins anda.<\/p>\n","protected":false},"featured_media":9614,"template":"","meta":{"give_campaign_id":0},"product_brand":[],"product_cat":[521],"product_tag":[],"class_list":{"0":"post-6291","1":"product","2":"type-product","3":"status-publish","4":"has-post-thumbnail","6":"product_cat-ikoner-i-glasramar","8":"first","9":"instock","10":"purchasable","11":"product-type-simple"},"_links":{"self":[{"href":"https:\/\/orthodoxblessings.com\/sv\/wp-json\/wp\/v2\/product\/6291","targetHints":{"allow":["GET"]}}],"collection":[{"href":"https:\/\/orthodoxblessings.com\/sv\/wp-json\/wp\/v2\/product"}],"about":[{"href":"https:\/\/orthodoxblessings.com\/sv\/wp-json\/wp\/v2\/types\/product"}],"wp:featuredmedia":[{"embeddable":true,"href":"https:\/\/orthodoxblessings.com\/sv\/wp-json\/wp\/v2\/media\/9614"}],"wp:attachment":[{"href":"https:\/\/orthodoxblessings.com\/sv\/wp-json\/wp\/v2\/media?parent=6291"}],"wp:term":[{"taxonomy":"product_brand","embeddable":true,"href":"https:\/\/orthodoxblessings.com\/sv\/wp-json\/wp\/v2\/product_brand?post=6291"},{"taxonomy":"product_cat","embeddable":true,"href":"https:\/\/orthodoxblessings.com\/sv\/wp-json\/wp\/v2\/product_cat?post=6291"},{"taxonomy":"product_tag","embeddable":true,"href":"https:\/\/orthodoxblessings.com\/sv\/wp-json\/wp\/v2\/product_tag?post=6291"}],"curies":[{"name":"wp","href":"https:\/\/api.w.org\/{rel}","templated":true}]}}