{"id":6287,"date":"2025-05-26T11:01:00","date_gmt":"2025-05-26T11:01:00","guid":{"rendered":"https:\/\/orthodoxblessings.com\/shop\/vagg-trakors-med-silver-och-bla-detaljer\/"},"modified":"2025-05-26T11:01:00","modified_gmt":"2025-05-26T11:01:00","slug":"vagg-trakors-med-silver-och-bla-detaljer","status":"publish","type":"product","link":"https:\/\/orthodoxblessings.com\/sv\/shop\/vagg-trakors-med-silver-och-bla-detaljer\/","title":{"rendered":"V\u00e4gg Tr\u00e4kors med silver och bl\u00e5 detaljer"},"content":{"rendered":"<p>Detta v\u00e4ggmonterade tr\u00e4kors med silver och bl\u00e5 detaljer kombinerar v\u00e4rmen fr\u00e5n tr\u00e4 med sval metall, vilket skapar ett harmoniskt och andligt element f\u00f6r ditt hem. Dess sk\u00f6nhet ligger i dess enkelhet och mening. <\/p>\n","protected":false},"excerpt":{"rendered":"<p>Detta v\u00e4ggmonterade tr\u00e4kors med silver och bl\u00e5 detaljer kombinerar v\u00e4rmen fr\u00e5n tr\u00e4 med sval metall, vilket skapar ett harmoniskt och andligt element f\u00f6r ditt hem. Dess sk\u00f6nhet ligger i dess enkelhet och mening.<\/p>\n","protected":false},"featured_media":3790,"template":"","meta":{"give_campaign_id":0},"product_brand":[],"product_cat":[518],"product_tag":[],"class_list":{"0":"post-6287","1":"product","2":"type-product","3":"status-publish","4":"has-post-thumbnail","6":"product_cat-vaggkors","8":"first","9":"instock","10":"purchasable","11":"product-type-simple"},"_links":{"self":[{"href":"https:\/\/orthodoxblessings.com\/sv\/wp-json\/wp\/v2\/product\/6287","targetHints":{"allow":["GET"]}}],"collection":[{"href":"https:\/\/orthodoxblessings.com\/sv\/wp-json\/wp\/v2\/product"}],"about":[{"href":"https:\/\/orthodoxblessings.com\/sv\/wp-json\/wp\/v2\/types\/product"}],"wp:featuredmedia":[{"embeddable":true,"href":"https:\/\/orthodoxblessings.com\/sv\/wp-json\/wp\/v2\/media\/3790"}],"wp:attachment":[{"href":"https:\/\/orthodoxblessings.com\/sv\/wp-json\/wp\/v2\/media?parent=6287"}],"wp:term":[{"taxonomy":"product_brand","embeddable":true,"href":"https:\/\/orthodoxblessings.com\/sv\/wp-json\/wp\/v2\/product_brand?post=6287"},{"taxonomy":"product_cat","embeddable":true,"href":"https:\/\/orthodoxblessings.com\/sv\/wp-json\/wp\/v2\/product_cat?post=6287"},{"taxonomy":"product_tag","embeddable":true,"href":"https:\/\/orthodoxblessings.com\/sv\/wp-json\/wp\/v2\/product_tag?post=6287"}],"curies":[{"name":"wp","href":"https:\/\/api.w.org\/{rel}","templated":true}]}}