{"id":6286,"date":"2025-05-26T11:01:00","date_gmt":"2025-05-26T11:01:00","guid":{"rendered":"https:\/\/orthodoxblessings.com\/shop\/trakors-med-stativ-bla-och-silverdetaljer\/"},"modified":"2025-05-26T11:01:00","modified_gmt":"2025-05-26T11:01:00","slug":"trakors-med-stativ-bla-och-silverdetaljer","status":"publish","type":"product","link":"https:\/\/orthodoxblessings.com\/sv\/shop\/trakors-med-stativ-bla-och-silverdetaljer\/","title":{"rendered":"Tr\u00e4kors med stativ &#8211; bl\u00e5 och silverdetaljer"},"content":{"rendered":"<p>Ett tr\u00e4kors med stativ, bl\u00e5 och silverdetaljer, ger visuell sk\u00f6nhet och andlig styrka. Dess moderna design g\u00f6r den l\u00e4mplig f\u00f6r alla utrymmen, samtidigt som detaljerna tillf\u00f6r elegans och helighet till detta f\u00f6rem\u00e5l.<\/p>\n","protected":false},"excerpt":{"rendered":"<p>Ett tr\u00e4kors med stativ, bl\u00e5 och silverdetaljer, ger visuell sk\u00f6nhet och andlig styrka. Dess moderna design g\u00f6r den l\u00e4mplig f\u00f6r alla utrymmen, samtidigt som detaljerna tillf\u00f6r elegans och helighet till detta f\u00f6rem\u00e5l.<\/p>\n","protected":false},"featured_media":3788,"template":"","meta":{"give_campaign_id":0},"product_brand":[],"product_cat":[519],"product_tag":[],"class_list":{"0":"post-6286","1":"product","2":"type-product","3":"status-publish","4":"has-post-thumbnail","6":"product_cat-kors-utan-kedja","8":"first","9":"instock","10":"sale","11":"purchasable","12":"product-type-simple"},"_links":{"self":[{"href":"https:\/\/orthodoxblessings.com\/sv\/wp-json\/wp\/v2\/product\/6286","targetHints":{"allow":["GET"]}}],"collection":[{"href":"https:\/\/orthodoxblessings.com\/sv\/wp-json\/wp\/v2\/product"}],"about":[{"href":"https:\/\/orthodoxblessings.com\/sv\/wp-json\/wp\/v2\/types\/product"}],"wp:featuredmedia":[{"embeddable":true,"href":"https:\/\/orthodoxblessings.com\/sv\/wp-json\/wp\/v2\/media\/3788"}],"wp:attachment":[{"href":"https:\/\/orthodoxblessings.com\/sv\/wp-json\/wp\/v2\/media?parent=6286"}],"wp:term":[{"taxonomy":"product_brand","embeddable":true,"href":"https:\/\/orthodoxblessings.com\/sv\/wp-json\/wp\/v2\/product_brand?post=6286"},{"taxonomy":"product_cat","embeddable":true,"href":"https:\/\/orthodoxblessings.com\/sv\/wp-json\/wp\/v2\/product_cat?post=6286"},{"taxonomy":"product_tag","embeddable":true,"href":"https:\/\/orthodoxblessings.com\/sv\/wp-json\/wp\/v2\/product_tag?post=6286"}],"curies":[{"name":"wp","href":"https:\/\/api.w.org\/{rel}","templated":true}]}}