{"id":6285,"date":"2025-05-26T11:01:00","date_gmt":"2025-05-26T11:01:00","guid":{"rendered":"https:\/\/orthodoxblessings.com\/shop\/forgyllt-kors-med-grona-detaljer\/"},"modified":"2025-05-26T11:01:00","modified_gmt":"2025-05-26T11:01:00","slug":"forgyllt-kors-med-grona-detaljer","status":"publish","type":"product","link":"https:\/\/orthodoxblessings.com\/sv\/shop\/forgyllt-kors-med-grona-detaljer\/","title":{"rendered":"F\u00f6rgyllt kors med gr\u00f6na detaljer"},"content":{"rendered":"<p>Ett guldpl\u00e4terat kors med gr\u00f6na detaljer och en elegant look som passar till vilken outfit som helst.<\/p>\n","protected":false},"excerpt":{"rendered":"<p>Ett guldpl\u00e4terat kors med gr\u00f6na detaljer och en elegant look som passar till vilken outfit som helst.<\/p>\n","protected":false},"featured_media":3779,"template":"","meta":{"give_campaign_id":0},"product_brand":[],"product_cat":[519],"product_tag":[],"class_list":{"0":"post-6285","1":"product","2":"type-product","3":"status-publish","4":"has-post-thumbnail","6":"product_cat-kors-utan-kedja","8":"first","9":"instock","10":"purchasable","11":"product-type-simple"},"_links":{"self":[{"href":"https:\/\/orthodoxblessings.com\/sv\/wp-json\/wp\/v2\/product\/6285","targetHints":{"allow":["GET"]}}],"collection":[{"href":"https:\/\/orthodoxblessings.com\/sv\/wp-json\/wp\/v2\/product"}],"about":[{"href":"https:\/\/orthodoxblessings.com\/sv\/wp-json\/wp\/v2\/types\/product"}],"wp:featuredmedia":[{"embeddable":true,"href":"https:\/\/orthodoxblessings.com\/sv\/wp-json\/wp\/v2\/media\/3779"}],"wp:attachment":[{"href":"https:\/\/orthodoxblessings.com\/sv\/wp-json\/wp\/v2\/media?parent=6285"}],"wp:term":[{"taxonomy":"product_brand","embeddable":true,"href":"https:\/\/orthodoxblessings.com\/sv\/wp-json\/wp\/v2\/product_brand?post=6285"},{"taxonomy":"product_cat","embeddable":true,"href":"https:\/\/orthodoxblessings.com\/sv\/wp-json\/wp\/v2\/product_cat?post=6285"},{"taxonomy":"product_tag","embeddable":true,"href":"https:\/\/orthodoxblessings.com\/sv\/wp-json\/wp\/v2\/product_tag?post=6285"}],"curies":[{"name":"wp","href":"https:\/\/api.w.org\/{rel}","templated":true}]}}