{"id":6283,"date":"2025-05-26T11:01:00","date_gmt":"2025-05-26T11:01:00","guid":{"rendered":"https:\/\/orthodoxblessings.com\/shop\/litet-trakors-med-metall-for-kedjor-och-rundade-kanter\/"},"modified":"2025-05-26T11:01:00","modified_gmt":"2025-05-26T11:01:00","slug":"litet-trakors-med-metall-for-kedjor-och-rundade-kanter","status":"publish","type":"product","link":"https:\/\/orthodoxblessings.com\/sv\/shop\/litet-trakors-med-metall-for-kedjor-och-rundade-kanter\/","title":{"rendered":"Litet tr\u00e4kors med metall f\u00f6r kedjor och rundade kanter"},"content":{"rendered":"<p>Ett litet tr\u00e4kors med metalldetaljer och rundade kanter har ett l\u00e4ttare och mer delikat utseende. Detta kors \u00e4r idealiskt f\u00f6r m\u00e4nniskor som letar efter n\u00e5got kompakt och praktiskt att b\u00e4ra, men med en stark andlig inneb\u00f6rd.  <\/p>\n","protected":false},"excerpt":{"rendered":"<p>Ett litet tr\u00e4kors med metalldetaljer och rundade kanter har ett l\u00e4ttare och mer delikat utseende. Detta kors \u00e4r idealiskt f\u00f6r m\u00e4nniskor som letar efter n\u00e5got kompakt och praktiskt att b\u00e4ra, men med en stark andlig inneb\u00f6rd.<\/p>\n","protected":false},"featured_media":3774,"template":"","meta":{"give_campaign_id":0},"product_brand":[],"product_cat":[519],"product_tag":[],"class_list":{"0":"post-6283","1":"product","2":"type-product","3":"status-publish","4":"has-post-thumbnail","6":"product_cat-kors-utan-kedja","8":"first","9":"instock","10":"purchasable","11":"product-type-simple"},"_links":{"self":[{"href":"https:\/\/orthodoxblessings.com\/sv\/wp-json\/wp\/v2\/product\/6283","targetHints":{"allow":["GET"]}}],"collection":[{"href":"https:\/\/orthodoxblessings.com\/sv\/wp-json\/wp\/v2\/product"}],"about":[{"href":"https:\/\/orthodoxblessings.com\/sv\/wp-json\/wp\/v2\/types\/product"}],"wp:featuredmedia":[{"embeddable":true,"href":"https:\/\/orthodoxblessings.com\/sv\/wp-json\/wp\/v2\/media\/3774"}],"wp:attachment":[{"href":"https:\/\/orthodoxblessings.com\/sv\/wp-json\/wp\/v2\/media?parent=6283"}],"wp:term":[{"taxonomy":"product_brand","embeddable":true,"href":"https:\/\/orthodoxblessings.com\/sv\/wp-json\/wp\/v2\/product_brand?post=6283"},{"taxonomy":"product_cat","embeddable":true,"href":"https:\/\/orthodoxblessings.com\/sv\/wp-json\/wp\/v2\/product_cat?post=6283"},{"taxonomy":"product_tag","embeddable":true,"href":"https:\/\/orthodoxblessings.com\/sv\/wp-json\/wp\/v2\/product_tag?post=6283"}],"curies":[{"name":"wp","href":"https:\/\/api.w.org\/{rel}","templated":true}]}}