{"id":6282,"date":"2025-05-26T11:01:00","date_gmt":"2025-05-26T11:01:00","guid":{"rendered":"https:\/\/orthodoxblessings.com\/shop\/kors-med-5-ikoner-och-ett-trasnitt\/"},"modified":"2025-05-26T11:01:00","modified_gmt":"2025-05-26T11:01:00","slug":"kors-med-5-ikoner-och-ett-trasnitt","status":"publish","type":"product","link":"https:\/\/orthodoxblessings.com\/sv\/shop\/kors-med-5-ikoner-och-ett-trasnitt\/","title":{"rendered":"Kors med 5 ikoner och ett tr\u00e4snitt"},"content":{"rendered":"<p>Detta kors med fem ikoner och ett tr\u00e4snitt kombinerar sk\u00f6nheten i traditionell konst och djup religi\u00f6s symbolik. Den representerar fem viktiga helgon, som skyddar sina troende med sin andliga kraft.<\/p>\n","protected":false},"excerpt":{"rendered":"<p>Detta kors med fem ikoner och ett tr\u00e4snitt kombinerar sk\u00f6nheten i traditionell konst och djup religi\u00f6s symbolik. Den representerar fem viktiga helgon, som skyddar sina troende med sin andliga kraft.<\/p>\n","protected":false},"featured_media":3768,"template":"","meta":{"give_campaign_id":0},"product_brand":[],"product_cat":[530],"product_tag":[],"class_list":{"0":"post-6282","1":"product","2":"type-product","3":"status-publish","4":"has-post-thumbnail","6":"product_cat-trasnideri","8":"first","9":"instock","10":"purchasable","11":"product-type-simple"},"_links":{"self":[{"href":"https:\/\/orthodoxblessings.com\/sv\/wp-json\/wp\/v2\/product\/6282","targetHints":{"allow":["GET"]}}],"collection":[{"href":"https:\/\/orthodoxblessings.com\/sv\/wp-json\/wp\/v2\/product"}],"about":[{"href":"https:\/\/orthodoxblessings.com\/sv\/wp-json\/wp\/v2\/types\/product"}],"wp:featuredmedia":[{"embeddable":true,"href":"https:\/\/orthodoxblessings.com\/sv\/wp-json\/wp\/v2\/media\/3768"}],"wp:attachment":[{"href":"https:\/\/orthodoxblessings.com\/sv\/wp-json\/wp\/v2\/media?parent=6282"}],"wp:term":[{"taxonomy":"product_brand","embeddable":true,"href":"https:\/\/orthodoxblessings.com\/sv\/wp-json\/wp\/v2\/product_brand?post=6282"},{"taxonomy":"product_cat","embeddable":true,"href":"https:\/\/orthodoxblessings.com\/sv\/wp-json\/wp\/v2\/product_cat?post=6282"},{"taxonomy":"product_tag","embeddable":true,"href":"https:\/\/orthodoxblessings.com\/sv\/wp-json\/wp\/v2\/product_tag?post=6282"}],"curies":[{"name":"wp","href":"https:\/\/api.w.org\/{rel}","templated":true}]}}