{"id":6279,"date":"2025-05-26T11:01:00","date_gmt":"2025-05-26T11:01:00","guid":{"rendered":"https:\/\/orthodoxblessings.com\/shop\/trakors-med-metall-for-kedjor-och-vassa-kanter\/"},"modified":"2025-05-26T11:01:00","modified_gmt":"2025-05-26T11:01:00","slug":"trakors-med-metall-for-kedjor-och-vassa-kanter","status":"publish","type":"product","link":"https:\/\/orthodoxblessings.com\/sv\/shop\/trakors-med-metall-for-kedjor-och-vassa-kanter\/","title":{"rendered":"Tr\u00e4kors med metall f\u00f6r kedjor och vassa kanter"},"content":{"rendered":"<p>Detta kors kombinerar v\u00e4rmen fr\u00e5n tr\u00e4 med cool metall, medan de skarpa kanterna ger en dynamisk look. Den \u00e4r l\u00e4mplig f\u00f6r personer som vill ha en kombination av traditionellt och modernt i en andlig symbol.<\/p>\n","protected":false},"excerpt":{"rendered":"<p>Detta kors kombinerar v\u00e4rmen fr\u00e5n tr\u00e4 med cool metall, medan de skarpa kanterna ger en dynamisk look. Den \u00e4r l\u00e4mplig f\u00f6r personer som vill ha en kombination av traditionellt och modernt i en andlig symbol.<\/p>\n","protected":false},"featured_media":3772,"template":"","meta":{"give_campaign_id":0},"product_brand":[],"product_cat":[519],"product_tag":[],"class_list":{"0":"post-6279","1":"product","2":"type-product","3":"status-publish","4":"has-post-thumbnail","6":"product_cat-kors-utan-kedja","8":"first","9":"instock","10":"purchasable","11":"product-type-simple"},"_links":{"self":[{"href":"https:\/\/orthodoxblessings.com\/sv\/wp-json\/wp\/v2\/product\/6279","targetHints":{"allow":["GET"]}}],"collection":[{"href":"https:\/\/orthodoxblessings.com\/sv\/wp-json\/wp\/v2\/product"}],"about":[{"href":"https:\/\/orthodoxblessings.com\/sv\/wp-json\/wp\/v2\/types\/product"}],"wp:featuredmedia":[{"embeddable":true,"href":"https:\/\/orthodoxblessings.com\/sv\/wp-json\/wp\/v2\/media\/3772"}],"wp:attachment":[{"href":"https:\/\/orthodoxblessings.com\/sv\/wp-json\/wp\/v2\/media?parent=6279"}],"wp:term":[{"taxonomy":"product_brand","embeddable":true,"href":"https:\/\/orthodoxblessings.com\/sv\/wp-json\/wp\/v2\/product_brand?post=6279"},{"taxonomy":"product_cat","embeddable":true,"href":"https:\/\/orthodoxblessings.com\/sv\/wp-json\/wp\/v2\/product_cat?post=6279"},{"taxonomy":"product_tag","embeddable":true,"href":"https:\/\/orthodoxblessings.com\/sv\/wp-json\/wp\/v2\/product_tag?post=6279"}],"curies":[{"name":"wp","href":"https:\/\/api.w.org\/{rel}","templated":true}]}}