{"id":6278,"date":"2025-05-26T11:01:00","date_gmt":"2025-05-26T11:01:00","guid":{"rendered":"https:\/\/orthodoxblessings.com\/shop\/forntida-diptyk-st-nicholas-the-wonderworker-med-ett-gyllene-kors\/"},"modified":"2025-05-26T11:01:00","modified_gmt":"2025-05-26T11:01:00","slug":"forntida-diptyk-st-nicholas-the-wonderworker-med-ett-gyllene-kors","status":"publish","type":"product","link":"https:\/\/orthodoxblessings.com\/sv\/shop\/forntida-diptyk-st-nicholas-the-wonderworker-med-ett-gyllene-kors\/","title":{"rendered":"Forntida diptyk St Nicholas the Wonderworker &#8211; med ett gyllene kors"},"content":{"rendered":"<p>Den h\u00e4r diptykikonen f\u00f6rest\u00e4ller St Nicholas the Wonderworker, ett av de mest betrodda helgonen, och hennes gyllene kors ger extra storhet och v\u00e4lsignelse. Vackert designad, den h\u00e4r ikonen \u00e4r s\u00e4rskilt l\u00e4mplig som present eller som en del av ett personligt b\u00f6nerum.<\/p>\n","protected":false},"excerpt":{"rendered":"<p>Den h\u00e4r diptykikonen f\u00f6rest\u00e4ller St Nicholas the Wonderworker, ett av de mest betrodda helgonen, och hennes gyllene kors ger extra storhet och v\u00e4lsignelse. Vackert designad, den h\u00e4r ikonen \u00e4r s\u00e4rskilt l\u00e4mplig som present eller som en del av ett personligt b\u00f6nerum.<\/p>\n","protected":false},"featured_media":9587,"template":"","meta":{"give_campaign_id":0},"product_brand":[],"product_cat":[514],"product_tag":[],"class_list":{"0":"post-6278","1":"product","2":"type-product","3":"status-publish","4":"has-post-thumbnail","6":"product_cat-diptyk-av-ikoner","8":"first","9":"instock","10":"purchasable","11":"product-type-simple"},"_links":{"self":[{"href":"https:\/\/orthodoxblessings.com\/sv\/wp-json\/wp\/v2\/product\/6278","targetHints":{"allow":["GET"]}}],"collection":[{"href":"https:\/\/orthodoxblessings.com\/sv\/wp-json\/wp\/v2\/product"}],"about":[{"href":"https:\/\/orthodoxblessings.com\/sv\/wp-json\/wp\/v2\/types\/product"}],"wp:featuredmedia":[{"embeddable":true,"href":"https:\/\/orthodoxblessings.com\/sv\/wp-json\/wp\/v2\/media\/9587"}],"wp:attachment":[{"href":"https:\/\/orthodoxblessings.com\/sv\/wp-json\/wp\/v2\/media?parent=6278"}],"wp:term":[{"taxonomy":"product_brand","embeddable":true,"href":"https:\/\/orthodoxblessings.com\/sv\/wp-json\/wp\/v2\/product_brand?post=6278"},{"taxonomy":"product_cat","embeddable":true,"href":"https:\/\/orthodoxblessings.com\/sv\/wp-json\/wp\/v2\/product_cat?post=6278"},{"taxonomy":"product_tag","embeddable":true,"href":"https:\/\/orthodoxblessings.com\/sv\/wp-json\/wp\/v2\/product_tag?post=6278"}],"curies":[{"name":"wp","href":"https:\/\/api.w.org\/{rel}","templated":true}]}}