{"id":6275,"date":"2025-05-26T11:01:00","date_gmt":"2025-05-26T11:01:00","guid":{"rendered":"https:\/\/orthodoxblessings.com\/shop\/ikon-av-jesus-kristus-2\/"},"modified":"2025-05-26T11:01:00","modified_gmt":"2025-05-26T11:01:00","slug":"ikon-av-jesus-kristus-2","status":"publish","type":"product","link":"https:\/\/orthodoxblessings.com\/sv\/shop\/ikon-av-jesus-kristus-2\/","title":{"rendered":"Ikon av Jesus Kristus"},"content":{"rendered":"<p>Ikonen f\u00f6r Jesus Kristus representerar den viktigaste personen i den kristna tron. Hans n\u00e4rvaro p\u00e5 denna ikon p\u00e5minner de troende om den fr\u00e4lsning som Kristus gav oss genom sitt liv, d\u00f6d och uppst\u00e5ndelse. Jesu Kristi ikon \u00e4r en symbol f\u00f6r evig k\u00e4rlek, barmh\u00e4rtighet och fr\u00e4lsning. Denna ikon \u00e4r grunden f\u00f6r den kristna tron \u200b\u200boch fungerar som en djup andlig stimulans f\u00f6r b\u00f6n och tro, och representerar den eviga k\u00e4rleken och gl\u00e4djen i Guds n\u00e4rvaro.<\/p>\n","protected":false},"excerpt":{"rendered":"<p>Ikonen f\u00f6r Jesus Kristus representerar den viktigaste personen i den kristna tron. Hans n\u00e4rvaro p\u00e5 denna ikon p\u00e5minner de troende om den fr\u00e4lsning som Kristus gav oss genom sitt liv, d\u00f6d och uppst\u00e5ndelse. Jesu Kristi ikon \u00e4r en symbol f\u00f6r evig k\u00e4rlek, barmh\u00e4rtighet och fr\u00e4lsning. Denna ikon \u00e4r grunden f\u00f6r den kristna tron \u200b\u200boch fungerar [&hellip;]<\/p>\n","protected":false},"featured_media":9602,"template":"","meta":{"give_campaign_id":0},"product_brand":[],"product_cat":[524],"product_tag":[],"class_list":{"0":"post-6275","1":"product","2":"type-product","3":"status-publish","4":"has-post-thumbnail","6":"product_cat-ikoner-for-brollop","8":"first","9":"instock","10":"purchasable","11":"product-type-simple"},"_links":{"self":[{"href":"https:\/\/orthodoxblessings.com\/sv\/wp-json\/wp\/v2\/product\/6275","targetHints":{"allow":["GET"]}}],"collection":[{"href":"https:\/\/orthodoxblessings.com\/sv\/wp-json\/wp\/v2\/product"}],"about":[{"href":"https:\/\/orthodoxblessings.com\/sv\/wp-json\/wp\/v2\/types\/product"}],"wp:featuredmedia":[{"embeddable":true,"href":"https:\/\/orthodoxblessings.com\/sv\/wp-json\/wp\/v2\/media\/9602"}],"wp:attachment":[{"href":"https:\/\/orthodoxblessings.com\/sv\/wp-json\/wp\/v2\/media?parent=6275"}],"wp:term":[{"taxonomy":"product_brand","embeddable":true,"href":"https:\/\/orthodoxblessings.com\/sv\/wp-json\/wp\/v2\/product_brand?post=6275"},{"taxonomy":"product_cat","embeddable":true,"href":"https:\/\/orthodoxblessings.com\/sv\/wp-json\/wp\/v2\/product_cat?post=6275"},{"taxonomy":"product_tag","embeddable":true,"href":"https:\/\/orthodoxblessings.com\/sv\/wp-json\/wp\/v2\/product_tag?post=6275"}],"curies":[{"name":"wp","href":"https:\/\/api.w.org\/{rel}","templated":true}]}}