{"id":6274,"date":"2025-05-26T11:01:00","date_gmt":"2025-05-26T11:01:00","guid":{"rendered":"https:\/\/orthodoxblessings.com\/shop\/ikon-for-guds-allra-heligaste-moder\/"},"modified":"2025-05-26T11:01:00","modified_gmt":"2025-05-26T11:01:00","slug":"ikon-for-guds-allra-heligaste-moder","status":"publish","type":"product","link":"https:\/\/orthodoxblessings.com\/sv\/shop\/ikon-for-guds-allra-heligaste-moder\/","title":{"rendered":"Ikon f\u00f6r Guds allra heligaste moder"},"content":{"rendered":"<p>Ikonen f\u00f6r den heliga jungfru Maria \u00e4r en av de mest v\u00f6rdade i kristendomen. Guds heliga moder \u00e4r en symbol f\u00f6r k\u00e4rlek, skydd och barmh\u00e4rtighet. Hennes figur p\u00e5 denna ikon representerar idealet om Guds omsorg och andliga skydd. Denna ikon \u00e4r perfekt f\u00f6r hem, tempel eller som en g\u00e5va f\u00f6r dem som s\u00f6ker andlig hj\u00e4lp och tr\u00f6st.<\/p>\n","protected":false},"excerpt":{"rendered":"<p>Ikonen f\u00f6r den heliga jungfru Maria \u00e4r en av de mest v\u00f6rdade i kristendomen. Guds heliga moder \u00e4r en symbol f\u00f6r k\u00e4rlek, skydd och barmh\u00e4rtighet. Hennes figur p\u00e5 denna ikon representerar idealet om Guds omsorg och andliga skydd. Denna ikon \u00e4r perfekt f\u00f6r hem, tempel eller som en g\u00e5va f\u00f6r dem som s\u00f6ker andlig hj\u00e4lp [&hellip;]<\/p>\n","protected":false},"featured_media":9599,"template":"","meta":{"give_campaign_id":0},"product_brand":[],"product_cat":[524],"product_tag":[],"class_list":{"0":"post-6274","1":"product","2":"type-product","3":"status-publish","4":"has-post-thumbnail","6":"product_cat-ikoner-for-brollop","8":"first","9":"instock","10":"purchasable","11":"product-type-simple"},"_links":{"self":[{"href":"https:\/\/orthodoxblessings.com\/sv\/wp-json\/wp\/v2\/product\/6274","targetHints":{"allow":["GET"]}}],"collection":[{"href":"https:\/\/orthodoxblessings.com\/sv\/wp-json\/wp\/v2\/product"}],"about":[{"href":"https:\/\/orthodoxblessings.com\/sv\/wp-json\/wp\/v2\/types\/product"}],"wp:featuredmedia":[{"embeddable":true,"href":"https:\/\/orthodoxblessings.com\/sv\/wp-json\/wp\/v2\/media\/9599"}],"wp:attachment":[{"href":"https:\/\/orthodoxblessings.com\/sv\/wp-json\/wp\/v2\/media?parent=6274"}],"wp:term":[{"taxonomy":"product_brand","embeddable":true,"href":"https:\/\/orthodoxblessings.com\/sv\/wp-json\/wp\/v2\/product_brand?post=6274"},{"taxonomy":"product_cat","embeddable":true,"href":"https:\/\/orthodoxblessings.com\/sv\/wp-json\/wp\/v2\/product_cat?post=6274"},{"taxonomy":"product_tag","embeddable":true,"href":"https:\/\/orthodoxblessings.com\/sv\/wp-json\/wp\/v2\/product_tag?post=6274"}],"curies":[{"name":"wp","href":"https:\/\/api.w.org\/{rel}","templated":true}]}}