{"id":6273,"date":"2025-05-26T11:01:00","date_gmt":"2025-05-26T11:01:00","guid":{"rendered":"https:\/\/orthodoxblessings.com\/shop\/plysch-diptyk-ikon-av-jesus-kristus-och-den-heliga-guds-moder-med-ett-sytt-kors\/"},"modified":"2025-05-26T11:01:00","modified_gmt":"2025-05-26T11:01:00","slug":"plysch-diptyk-ikon-av-jesus-kristus-och-den-heliga-guds-moder-med-ett-sytt-kors","status":"publish","type":"product","link":"https:\/\/orthodoxblessings.com\/sv\/shop\/plysch-diptyk-ikon-av-jesus-kristus-och-den-heliga-guds-moder-med-ett-sytt-kors\/","title":{"rendered":"Plysch diptyk Ikon av Jesus Kristus och den heliga Guds moder &#8211; med ett sytt kors"},"content":{"rendered":"<p>Denna ikon i en plysch diptyk med ett sytt kors ger en speciell andlig touch. Figurerna av Jesus Kristus och Guds heliga moder \u00e4r avbildade i rika och djupa f\u00e4rger, och det sydda korset betonar deras andliga styrka och betydelse. Denna ikon \u00e4r perfekt f\u00f6r m\u00e4nniskor som s\u00f6ker en djup andlig f\u00f6rbindelse med dessa heliga figurer. <\/p>\n","protected":false},"excerpt":{"rendered":"<p>Denna ikon i en plysch diptyk med ett sytt kors ger en speciell andlig touch. Figurerna av Jesus Kristus och Guds heliga moder \u00e4r avbildade i rika och djupa f\u00e4rger, och det sydda korset betonar deras andliga styrka och betydelse. Denna ikon \u00e4r perfekt f\u00f6r m\u00e4nniskor som s\u00f6ker en djup andlig f\u00f6rbindelse med dessa heliga [&hellip;]<\/p>\n","protected":false},"featured_media":3752,"template":"","meta":{"give_campaign_id":0},"product_brand":[],"product_cat":[514],"product_tag":[],"class_list":{"0":"post-6273","1":"product","2":"type-product","3":"status-publish","4":"has-post-thumbnail","6":"product_cat-diptyk-av-ikoner","8":"first","9":"outofstock","10":"purchasable","11":"product-type-simple"},"_links":{"self":[{"href":"https:\/\/orthodoxblessings.com\/sv\/wp-json\/wp\/v2\/product\/6273","targetHints":{"allow":["GET"]}}],"collection":[{"href":"https:\/\/orthodoxblessings.com\/sv\/wp-json\/wp\/v2\/product"}],"about":[{"href":"https:\/\/orthodoxblessings.com\/sv\/wp-json\/wp\/v2\/types\/product"}],"wp:featuredmedia":[{"embeddable":true,"href":"https:\/\/orthodoxblessings.com\/sv\/wp-json\/wp\/v2\/media\/3752"}],"wp:attachment":[{"href":"https:\/\/orthodoxblessings.com\/sv\/wp-json\/wp\/v2\/media?parent=6273"}],"wp:term":[{"taxonomy":"product_brand","embeddable":true,"href":"https:\/\/orthodoxblessings.com\/sv\/wp-json\/wp\/v2\/product_brand?post=6273"},{"taxonomy":"product_cat","embeddable":true,"href":"https:\/\/orthodoxblessings.com\/sv\/wp-json\/wp\/v2\/product_cat?post=6273"},{"taxonomy":"product_tag","embeddable":true,"href":"https:\/\/orthodoxblessings.com\/sv\/wp-json\/wp\/v2\/product_tag?post=6273"}],"curies":[{"name":"wp","href":"https:\/\/api.w.org\/{rel}","templated":true}]}}