{"id":6272,"date":"2025-05-26T11:01:00","date_gmt":"2025-05-26T11:01:00","guid":{"rendered":"https:\/\/orthodoxblessings.com\/shop\/en-stor-diptyk-av-ikoner-av-jesus-kristus-och-den-heliga-guds-moder-med-en-plysch\/"},"modified":"2025-05-26T11:01:00","modified_gmt":"2025-05-26T11:01:00","slug":"en-stor-diptyk-av-ikoner-av-jesus-kristus-och-den-heliga-guds-moder-med-en-plysch","status":"publish","type":"product","link":"https:\/\/orthodoxblessings.com\/sv\/shop\/en-stor-diptyk-av-ikoner-av-jesus-kristus-och-den-heliga-guds-moder-med-en-plysch\/","title":{"rendered":"En stor diptyk av ikoner av Jesus Kristus och den heliga Guds moder &#8211; med en plysch"},"content":{"rendered":"<p>Den h\u00e4r stora diptykikonen visar Jesus Kristus och Jungfru Maria i en vacker design med en plysch ram. Den stora storleken p\u00e5 ikonen ger djup till den andliga inneb\u00f6rden av dessa karakt\u00e4rer, och den plyschiga ramen g\u00f6r ikonen b\u00e5de festlig och modern. Perfekt f\u00f6r ett stort utrymme eller som ett centralt inslag i ett kyrkoutrymme.<\/p>\n","protected":false},"excerpt":{"rendered":"<p>Den h\u00e4r stora diptykikonen visar Jesus Kristus och Jungfru Maria i en vacker design med en plysch ram. Den stora storleken p\u00e5 ikonen ger djup till den andliga inneb\u00f6rden av dessa karakt\u00e4rer, och den plyschiga ramen g\u00f6r ikonen b\u00e5de festlig och modern. Perfekt f\u00f6r ett stort utrymme eller som ett centralt inslag i ett kyrkoutrymme.<\/p>\n","protected":false},"featured_media":3748,"template":"","meta":{"give_campaign_id":0},"product_brand":[],"product_cat":[514],"product_tag":[],"class_list":{"0":"post-6272","1":"product","2":"type-product","3":"status-publish","4":"has-post-thumbnail","6":"product_cat-diptyk-av-ikoner","8":"first","9":"outofstock","10":"purchasable","11":"product-type-simple"},"_links":{"self":[{"href":"https:\/\/orthodoxblessings.com\/sv\/wp-json\/wp\/v2\/product\/6272","targetHints":{"allow":["GET"]}}],"collection":[{"href":"https:\/\/orthodoxblessings.com\/sv\/wp-json\/wp\/v2\/product"}],"about":[{"href":"https:\/\/orthodoxblessings.com\/sv\/wp-json\/wp\/v2\/types\/product"}],"wp:featuredmedia":[{"embeddable":true,"href":"https:\/\/orthodoxblessings.com\/sv\/wp-json\/wp\/v2\/media\/3748"}],"wp:attachment":[{"href":"https:\/\/orthodoxblessings.com\/sv\/wp-json\/wp\/v2\/media?parent=6272"}],"wp:term":[{"taxonomy":"product_brand","embeddable":true,"href":"https:\/\/orthodoxblessings.com\/sv\/wp-json\/wp\/v2\/product_brand?post=6272"},{"taxonomy":"product_cat","embeddable":true,"href":"https:\/\/orthodoxblessings.com\/sv\/wp-json\/wp\/v2\/product_cat?post=6272"},{"taxonomy":"product_tag","embeddable":true,"href":"https:\/\/orthodoxblessings.com\/sv\/wp-json\/wp\/v2\/product_tag?post=6272"}],"curies":[{"name":"wp","href":"https:\/\/api.w.org\/{rel}","templated":true}]}}