{"id":6271,"date":"2025-05-26T11:01:00","date_gmt":"2025-05-26T11:01:00","guid":{"rendered":"https:\/\/orthodoxblessings.com\/shop\/diptykikon-jesus-kristus-och-den-heliga-jungfrun-rysk-design-med-rod-plysch\/"},"modified":"2025-05-26T11:01:00","modified_gmt":"2025-05-26T11:01:00","slug":"diptykikon-jesus-kristus-och-den-heliga-jungfrun-rysk-design-med-rod-plysch","status":"publish","type":"product","link":"https:\/\/orthodoxblessings.com\/sv\/shop\/diptykikon-jesus-kristus-och-den-heliga-jungfrun-rysk-design-med-rod-plysch\/","title":{"rendered":"Diptykikon Jesus Kristus och den heliga jungfrun &#8211; rysk design med r\u00f6d plysch"},"content":{"rendered":"<p>Denna diptykikon kombinerar de tv\u00e5 viktigaste kristna gestalterna: Jesus Kristus och den heliga jungfru Maria, i en elegant rysk design. Deras karakt\u00e4rer representerar den kristna trons centrala gestalter, och den r\u00f6da plyschen tillf\u00f6r ett djupt andligt allvar och sk\u00f6nhet. Ikonen diptyk \u00e4r perfekt som present eller som mittpunkt i ett tempel eller hem.<\/p>\n","protected":false},"excerpt":{"rendered":"<p>Denna diptykikon kombinerar de tv\u00e5 viktigaste kristna gestalterna: Jesus Kristus och den heliga jungfru Maria, i en elegant rysk design. Deras karakt\u00e4rer representerar den kristna trons centrala gestalter, och den r\u00f6da plyschen tillf\u00f6r ett djupt andligt allvar och sk\u00f6nhet. Ikonen diptyk \u00e4r perfekt som present eller som mittpunkt i ett tempel eller hem.<\/p>\n","protected":false},"featured_media":3746,"template":"","meta":{"give_campaign_id":0},"product_brand":[],"product_cat":[514],"product_tag":[],"class_list":{"0":"post-6271","1":"product","2":"type-product","3":"status-publish","4":"has-post-thumbnail","6":"product_cat-diptyk-av-ikoner","8":"first","9":"outofstock","10":"purchasable","11":"product-type-simple"},"_links":{"self":[{"href":"https:\/\/orthodoxblessings.com\/sv\/wp-json\/wp\/v2\/product\/6271","targetHints":{"allow":["GET"]}}],"collection":[{"href":"https:\/\/orthodoxblessings.com\/sv\/wp-json\/wp\/v2\/product"}],"about":[{"href":"https:\/\/orthodoxblessings.com\/sv\/wp-json\/wp\/v2\/types\/product"}],"wp:featuredmedia":[{"embeddable":true,"href":"https:\/\/orthodoxblessings.com\/sv\/wp-json\/wp\/v2\/media\/3746"}],"wp:attachment":[{"href":"https:\/\/orthodoxblessings.com\/sv\/wp-json\/wp\/v2\/media?parent=6271"}],"wp:term":[{"taxonomy":"product_brand","embeddable":true,"href":"https:\/\/orthodoxblessings.com\/sv\/wp-json\/wp\/v2\/product_brand?post=6271"},{"taxonomy":"product_cat","embeddable":true,"href":"https:\/\/orthodoxblessings.com\/sv\/wp-json\/wp\/v2\/product_cat?post=6271"},{"taxonomy":"product_tag","embeddable":true,"href":"https:\/\/orthodoxblessings.com\/sv\/wp-json\/wp\/v2\/product_tag?post=6271"}],"curies":[{"name":"wp","href":"https:\/\/api.w.org\/{rel}","templated":true}]}}