{"id":6270,"date":"2025-05-26T11:01:00","date_gmt":"2025-05-26T11:01:00","guid":{"rendered":"https:\/\/orthodoxblessings.com\/shop\/ikon-av-st-nicholas-elliptisk-form\/"},"modified":"2025-05-26T11:01:00","modified_gmt":"2025-05-26T11:01:00","slug":"ikon-av-st-nicholas-elliptisk-form","status":"publish","type":"product","link":"https:\/\/orthodoxblessings.com\/sv\/shop\/ikon-av-st-nicholas-elliptisk-form\/","title":{"rendered":"Ikon av St. Nicholas &#8211; elliptisk form"},"content":{"rendered":"<p>Ikonen f\u00f6r St. Nicholas i en elegant elliptisk ram kombinerar den klassiska representationen av detta stora helgon med en modern form. Denna ikon \u00e4r det perfekta valet f\u00f6r alla som vill ha sin andliga beskyddare i ett stilfullt och dekorativt sammanhang. Bilden av St Nicholas p\u00e5 denna ikon ger andlig tr\u00f6st och v\u00e4lsignelse f\u00f6r alla i hush\u00e5llet. <\/p>\n","protected":false},"excerpt":{"rendered":"<p>Ikonen f\u00f6r St. Nicholas i en elegant elliptisk ram kombinerar den klassiska representationen av detta stora helgon med en modern form. Denna ikon \u00e4r det perfekta valet f\u00f6r alla som vill ha sin andliga beskyddare i ett stilfullt och dekorativt sammanhang. Bilden av St Nicholas p\u00e5 denna ikon ger andlig tr\u00f6st och v\u00e4lsignelse f\u00f6r alla [&hellip;]<\/p>\n","protected":false},"featured_media":9590,"template":"","meta":{"give_campaign_id":0},"product_brand":[],"product_cat":[522],"product_tag":[],"class_list":{"0":"post-6270","1":"product","2":"type-product","3":"status-publish","4":"has-post-thumbnail","6":"product_cat-silver-och-forgyllda-ikoner","8":"first","9":"instock","10":"purchasable","11":"product-type-simple"},"_links":{"self":[{"href":"https:\/\/orthodoxblessings.com\/sv\/wp-json\/wp\/v2\/product\/6270","targetHints":{"allow":["GET"]}}],"collection":[{"href":"https:\/\/orthodoxblessings.com\/sv\/wp-json\/wp\/v2\/product"}],"about":[{"href":"https:\/\/orthodoxblessings.com\/sv\/wp-json\/wp\/v2\/types\/product"}],"wp:featuredmedia":[{"embeddable":true,"href":"https:\/\/orthodoxblessings.com\/sv\/wp-json\/wp\/v2\/media\/9590"}],"wp:attachment":[{"href":"https:\/\/orthodoxblessings.com\/sv\/wp-json\/wp\/v2\/media?parent=6270"}],"wp:term":[{"taxonomy":"product_brand","embeddable":true,"href":"https:\/\/orthodoxblessings.com\/sv\/wp-json\/wp\/v2\/product_brand?post=6270"},{"taxonomy":"product_cat","embeddable":true,"href":"https:\/\/orthodoxblessings.com\/sv\/wp-json\/wp\/v2\/product_cat?post=6270"},{"taxonomy":"product_tag","embeddable":true,"href":"https:\/\/orthodoxblessings.com\/sv\/wp-json\/wp\/v2\/product_tag?post=6270"}],"curies":[{"name":"wp","href":"https:\/\/api.w.org\/{rel}","templated":true}]}}