{"id":6268,"date":"2025-05-26T11:01:00","date_gmt":"2025-05-26T11:01:00","guid":{"rendered":"https:\/\/orthodoxblessings.com\/shop\/diptykikon-av-st-nicholas-rysk-design-med-rod-plysch\/"},"modified":"2025-05-26T11:01:00","modified_gmt":"2025-05-26T11:01:00","slug":"diptykikon-av-st-nicholas-rysk-design-med-rod-plysch","status":"publish","type":"product","link":"https:\/\/orthodoxblessings.com\/sv\/shop\/diptykikon-av-st-nicholas-rysk-design-med-rod-plysch\/","title":{"rendered":"Diptykikon av St. Nicholas &#8211; rysk design med r\u00f6d plysch"},"content":{"rendered":"<p>Denna diptykikon, med rysk design och r\u00f6d plysch, f\u00f6rest\u00e4ller Sankt Nikolaus i en klassisk och rik stil. Diptykikonen \u00e4r dubbelsidig och representerar djup andlig styrka och skydd. Den ryska designen l\u00e4gger till en dimension av h\u00f6gtidlighet och allvar, vilket g\u00f6r denna ikon idealisk f\u00f6r kristna hem och tempel.  <\/p>\n","protected":false},"excerpt":{"rendered":"<p>Denna diptykikon, med rysk design och r\u00f6d plysch, f\u00f6rest\u00e4ller Sankt Nikolaus i en klassisk och rik stil. Diptykikonen \u00e4r dubbelsidig och representerar djup andlig styrka och skydd. Den ryska designen l\u00e4gger till en dimension av h\u00f6gtidlighet och allvar, vilket g\u00f6r denna ikon idealisk f\u00f6r kristna hem och tempel.<\/p>\n","protected":false},"featured_media":9578,"template":"","meta":{"give_campaign_id":0},"product_brand":[],"product_cat":[514],"product_tag":[],"class_list":{"0":"post-6268","1":"product","2":"type-product","3":"status-publish","4":"has-post-thumbnail","6":"product_cat-diptyk-av-ikoner","8":"first","9":"outofstock","10":"purchasable","11":"product-type-simple"},"_links":{"self":[{"href":"https:\/\/orthodoxblessings.com\/sv\/wp-json\/wp\/v2\/product\/6268","targetHints":{"allow":["GET"]}}],"collection":[{"href":"https:\/\/orthodoxblessings.com\/sv\/wp-json\/wp\/v2\/product"}],"about":[{"href":"https:\/\/orthodoxblessings.com\/sv\/wp-json\/wp\/v2\/types\/product"}],"wp:featuredmedia":[{"embeddable":true,"href":"https:\/\/orthodoxblessings.com\/sv\/wp-json\/wp\/v2\/media\/9578"}],"wp:attachment":[{"href":"https:\/\/orthodoxblessings.com\/sv\/wp-json\/wp\/v2\/media?parent=6268"}],"wp:term":[{"taxonomy":"product_brand","embeddable":true,"href":"https:\/\/orthodoxblessings.com\/sv\/wp-json\/wp\/v2\/product_brand?post=6268"},{"taxonomy":"product_cat","embeddable":true,"href":"https:\/\/orthodoxblessings.com\/sv\/wp-json\/wp\/v2\/product_cat?post=6268"},{"taxonomy":"product_tag","embeddable":true,"href":"https:\/\/orthodoxblessings.com\/sv\/wp-json\/wp\/v2\/product_tag?post=6268"}],"curies":[{"name":"wp","href":"https:\/\/api.w.org\/{rel}","templated":true}]}}