{"id":6267,"date":"2025-05-26T11:01:00","date_gmt":"2025-05-26T11:01:00","guid":{"rendered":"https:\/\/orthodoxblessings.com\/shop\/ikon-av-st-pantelia-med-bred-glasram\/"},"modified":"2025-05-26T11:01:00","modified_gmt":"2025-05-26T11:01:00","slug":"ikon-av-st-pantelia-med-bred-glasram","status":"publish","type":"product","link":"https:\/\/orthodoxblessings.com\/sv\/shop\/ikon-av-st-pantelia-med-bred-glasram\/","title":{"rendered":"Ikon av St. Pantelia med bred glasram"},"content":{"rendered":"<p>Ikonen f\u00f6r Saint Pantelia, den store l\u00e4karen och martyren, representerar andlig och fysisk helande kraft. Med en bred glasram har denna ikon en allomfattande visuell effekt som framh\u00e4ver dess storlek. Sankt Pantelius \u00e4r s\u00e4rskilt v\u00f6rdad f\u00f6r sina mirakul\u00f6sa helande, och denna ikon \u00e4r idealisk f\u00f6r m\u00e4nniskor som s\u00f6ker skydd och helande.   <\/p>\n","protected":false},"excerpt":{"rendered":"<p>Ikonen f\u00f6r Saint Pantelia, den store l\u00e4karen och martyren, representerar andlig och fysisk helande kraft. Med en bred glasram har denna ikon en allomfattande visuell effekt som framh\u00e4ver dess storlek. Sankt Pantelius \u00e4r s\u00e4rskilt v\u00f6rdad f\u00f6r sina mirakul\u00f6sa helande, och denna ikon \u00e4r idealisk f\u00f6r m\u00e4nniskor som s\u00f6ker skydd och helande.<\/p>\n","protected":false},"featured_media":0,"template":"","meta":{"give_campaign_id":0},"product_brand":[],"product_cat":[522],"product_tag":[],"class_list":{"0":"post-6267","1":"product","2":"type-product","3":"status-publish","5":"product_cat-silver-och-forgyllda-ikoner","7":"first","8":"instock","9":"purchasable","10":"product-type-simple"},"_links":{"self":[{"href":"https:\/\/orthodoxblessings.com\/sv\/wp-json\/wp\/v2\/product\/6267","targetHints":{"allow":["GET"]}}],"collection":[{"href":"https:\/\/orthodoxblessings.com\/sv\/wp-json\/wp\/v2\/product"}],"about":[{"href":"https:\/\/orthodoxblessings.com\/sv\/wp-json\/wp\/v2\/types\/product"}],"wp:attachment":[{"href":"https:\/\/orthodoxblessings.com\/sv\/wp-json\/wp\/v2\/media?parent=6267"}],"wp:term":[{"taxonomy":"product_brand","embeddable":true,"href":"https:\/\/orthodoxblessings.com\/sv\/wp-json\/wp\/v2\/product_brand?post=6267"},{"taxonomy":"product_cat","embeddable":true,"href":"https:\/\/orthodoxblessings.com\/sv\/wp-json\/wp\/v2\/product_cat?post=6267"},{"taxonomy":"product_tag","embeddable":true,"href":"https:\/\/orthodoxblessings.com\/sv\/wp-json\/wp\/v2\/product_tag?post=6267"}],"curies":[{"name":"wp","href":"https:\/\/api.w.org\/{rel}","templated":true}]}}