{"id":6266,"date":"2025-05-26T11:01:00","date_gmt":"2025-05-26T11:01:00","guid":{"rendered":"https:\/\/orthodoxblessings.com\/shop\/ikon-for-guds-moder\/"},"modified":"2025-05-26T11:01:00","modified_gmt":"2025-05-26T11:01:00","slug":"ikon-for-guds-moder","status":"publish","type":"product","link":"https:\/\/orthodoxblessings.com\/sv\/shop\/ikon-for-guds-moder\/","title":{"rendered":"Ikon f\u00f6r Guds moder"},"content":{"rendered":"<p>Ikonen f\u00f6r den allra heligaste Theotokos skildrar Maria, Guds moder, som en k\u00e4lla till barmh\u00e4rtighet och hj\u00e4lp. Den heliga Guds moder \u00e4r k\u00e4nd f\u00f6r sin mildhet och skydd av troende. Denna ikon \u00e4r perfekt f\u00f6r alla som letar efter tr\u00f6st, frid och Guds hj\u00e4lp i sitt liv. Det \u00e4r en symbol f\u00f6r Guds k\u00e4rlek och omsorg om alla m\u00e4nniskor.<\/p>\n","protected":false},"excerpt":{"rendered":"<p>Ikonen f\u00f6r den allra heligaste Theotokos skildrar Maria, Guds moder, som en k\u00e4lla till barmh\u00e4rtighet och hj\u00e4lp. Den heliga Guds moder \u00e4r k\u00e4nd f\u00f6r sin mildhet och skydd av troende. Denna ikon \u00e4r perfekt f\u00f6r alla som letar efter tr\u00f6st, frid och Guds hj\u00e4lp i sitt liv. Det \u00e4r en symbol f\u00f6r Guds k\u00e4rlek och [&hellip;]<\/p>\n","protected":false},"featured_media":0,"template":"","meta":{"give_campaign_id":0},"product_brand":[],"product_cat":[523],"product_tag":[],"class_list":{"0":"post-6266","1":"product","2":"type-product","3":"status-publish","5":"product_cat-handmalade-ikoner","7":"first","8":"outofstock","9":"purchasable","10":"product-type-simple"},"_links":{"self":[{"href":"https:\/\/orthodoxblessings.com\/sv\/wp-json\/wp\/v2\/product\/6266","targetHints":{"allow":["GET"]}}],"collection":[{"href":"https:\/\/orthodoxblessings.com\/sv\/wp-json\/wp\/v2\/product"}],"about":[{"href":"https:\/\/orthodoxblessings.com\/sv\/wp-json\/wp\/v2\/types\/product"}],"wp:attachment":[{"href":"https:\/\/orthodoxblessings.com\/sv\/wp-json\/wp\/v2\/media?parent=6266"}],"wp:term":[{"taxonomy":"product_brand","embeddable":true,"href":"https:\/\/orthodoxblessings.com\/sv\/wp-json\/wp\/v2\/product_brand?post=6266"},{"taxonomy":"product_cat","embeddable":true,"href":"https:\/\/orthodoxblessings.com\/sv\/wp-json\/wp\/v2\/product_cat?post=6266"},{"taxonomy":"product_tag","embeddable":true,"href":"https:\/\/orthodoxblessings.com\/sv\/wp-json\/wp\/v2\/product_tag?post=6266"}],"curies":[{"name":"wp","href":"https:\/\/api.w.org\/{rel}","templated":true}]}}