{"id":6265,"date":"2025-05-26T11:01:10","date_gmt":"2025-05-26T11:01:10","guid":{"rendered":"https:\/\/orthodoxblessings.com\/shop\/trakors-med-guld-och-silverdetaljer\/"},"modified":"2025-05-26T11:01:10","modified_gmt":"2025-05-26T11:01:10","slug":"trakors-med-guld-och-silverdetaljer","status":"publish","type":"product","link":"https:\/\/orthodoxblessings.com\/sv\/shop\/trakors-med-guld-och-silverdetaljer\/","title":{"rendered":"Tr\u00e4kors med guld och silverdetaljer"},"content":{"rendered":"<p>Tr\u00e4korset med guld- och silverdetaljer kombinerade tr\u00e4ets v\u00e4rme med kalla metaller, vilket ger det elegans och andligt v\u00e4rde. Detta kors \u00e4r perfekt f\u00f6r dig som vill b\u00e4ra n\u00e5got som symboliserar b\u00e5de tradition och modernitet. <\/p>\n","protected":false},"excerpt":{"rendered":"<p>Tr\u00e4korset med guld- och silverdetaljer kombinerade tr\u00e4ets v\u00e4rme med kalla metaller, vilket ger det elegans och andligt v\u00e4rde. Detta kors \u00e4r perfekt f\u00f6r dig som vill b\u00e4ra n\u00e5got som symboliserar b\u00e5de tradition och modernitet.<\/p>\n","protected":false},"featured_media":0,"template":"","meta":{"give_campaign_id":0},"product_brand":[],"product_cat":[520],"product_tag":[],"class_list":{"0":"post-6265","1":"product","2":"type-product","3":"status-publish","5":"product_cat-kors-for-en-bil","7":"first","8":"outofstock","9":"purchasable","10":"product-type-simple"},"_links":{"self":[{"href":"https:\/\/orthodoxblessings.com\/sv\/wp-json\/wp\/v2\/product\/6265","targetHints":{"allow":["GET"]}}],"collection":[{"href":"https:\/\/orthodoxblessings.com\/sv\/wp-json\/wp\/v2\/product"}],"about":[{"href":"https:\/\/orthodoxblessings.com\/sv\/wp-json\/wp\/v2\/types\/product"}],"wp:attachment":[{"href":"https:\/\/orthodoxblessings.com\/sv\/wp-json\/wp\/v2\/media?parent=6265"}],"wp:term":[{"taxonomy":"product_brand","embeddable":true,"href":"https:\/\/orthodoxblessings.com\/sv\/wp-json\/wp\/v2\/product_brand?post=6265"},{"taxonomy":"product_cat","embeddable":true,"href":"https:\/\/orthodoxblessings.com\/sv\/wp-json\/wp\/v2\/product_cat?post=6265"},{"taxonomy":"product_tag","embeddable":true,"href":"https:\/\/orthodoxblessings.com\/sv\/wp-json\/wp\/v2\/product_tag?post=6265"}],"curies":[{"name":"wp","href":"https:\/\/api.w.org\/{rel}","templated":true}]}}