{"id":6264,"date":"2025-05-26T11:01:10","date_gmt":"2025-05-26T11:01:10","guid":{"rendered":"https:\/\/orthodoxblessings.com\/shop\/slavska-knjiga-en-lada-med-en-malad-flaska\/"},"modified":"2025-05-26T11:01:10","modified_gmt":"2025-05-26T11:01:10","slug":"slavska-knjiga-en-lada-med-en-malad-flaska","status":"publish","type":"product","link":"https:\/\/orthodoxblessings.com\/sv\/shop\/slavska-knjiga-en-lada-med-en-malad-flaska\/","title":{"rendered":"Slavska Knjiga En l\u00e5da med en m\u00e5lad flaska"},"content":{"rendered":"<p>Denna l\u00e5da inneh\u00e5ller en speciell flaska, vilket g\u00f6r den till det perfekta valet f\u00f6r en doph\u00e4rlighetsfirande. Den \u00e4r utformad f\u00f6r att bevara tradition och andlig f\u00f6rbindelse med f\u00f6rf\u00e4der.<\/p>\n","protected":false},"excerpt":{"rendered":"<p>Denna l\u00e5da inneh\u00e5ller en speciell flaska, vilket g\u00f6r den till det perfekta valet f\u00f6r en doph\u00e4rlighetsfirande. Den \u00e4r utformad f\u00f6r att bevara tradition och andlig f\u00f6rbindelse med f\u00f6rf\u00e4der.<\/p>\n","protected":false},"featured_media":0,"template":"","meta":{"give_campaign_id":0},"product_brand":[],"product_cat":[555],"product_tag":[],"class_list":{"0":"post-6264","1":"product","2":"type-product","3":"status-publish","5":"product_cat-gavor","7":"first","8":"outofstock","9":"purchasable","10":"product-type-simple"},"_links":{"self":[{"href":"https:\/\/orthodoxblessings.com\/sv\/wp-json\/wp\/v2\/product\/6264","targetHints":{"allow":["GET"]}}],"collection":[{"href":"https:\/\/orthodoxblessings.com\/sv\/wp-json\/wp\/v2\/product"}],"about":[{"href":"https:\/\/orthodoxblessings.com\/sv\/wp-json\/wp\/v2\/types\/product"}],"wp:attachment":[{"href":"https:\/\/orthodoxblessings.com\/sv\/wp-json\/wp\/v2\/media?parent=6264"}],"wp:term":[{"taxonomy":"product_brand","embeddable":true,"href":"https:\/\/orthodoxblessings.com\/sv\/wp-json\/wp\/v2\/product_brand?post=6264"},{"taxonomy":"product_cat","embeddable":true,"href":"https:\/\/orthodoxblessings.com\/sv\/wp-json\/wp\/v2\/product_cat?post=6264"},{"taxonomy":"product_tag","embeddable":true,"href":"https:\/\/orthodoxblessings.com\/sv\/wp-json\/wp\/v2\/product_tag?post=6264"}],"curies":[{"name":"wp","href":"https:\/\/api.w.org\/{rel}","templated":true}]}}