{"id":6263,"date":"2025-05-26T11:01:10","date_gmt":"2025-05-26T11:01:10","guid":{"rendered":"https:\/\/orthodoxblessings.com\/shop\/heligt-vatten-och-olja-fran-egina\/"},"modified":"2025-05-26T11:01:10","modified_gmt":"2025-05-26T11:01:10","slug":"heligt-vatten-och-olja-fran-egina","status":"publish","type":"product","link":"https:\/\/orthodoxblessings.com\/sv\/shop\/heligt-vatten-och-olja-fran-egina\/","title":{"rendered":"Heligt vatten och olja fr\u00e5n Egina"},"content":{"rendered":"<p>Detta heliga vatten och olja kommer fr\u00e5n Egina, k\u00e4nt f\u00f6r St. Nectarias mirakel. Det anv\u00e4nds f\u00f6r b\u00f6n, helande och andligt skydd, vilket ger frid och v\u00e4lsignelser till alla som anv\u00e4nder det.  <\/p>\n","protected":false},"excerpt":{"rendered":"<p>Detta heliga vatten och olja kommer fr\u00e5n Egina, k\u00e4nt f\u00f6r St. Nectarias mirakel. Det anv\u00e4nds f\u00f6r b\u00f6n, helande och andligt skydd, vilket ger frid och v\u00e4lsignelser till alla som anv\u00e4nder det.<\/p>\n","protected":false},"featured_media":3819,"template":"","meta":{"give_campaign_id":0},"product_brand":[],"product_cat":[574],"product_tag":[],"class_list":{"0":"post-6263","1":"product","2":"type-product","3":"status-publish","4":"has-post-thumbnail","6":"product_cat-heligt-vatten-pa-flaska","8":"first","9":"instock","10":"purchasable","11":"product-type-simple"},"_links":{"self":[{"href":"https:\/\/orthodoxblessings.com\/sv\/wp-json\/wp\/v2\/product\/6263","targetHints":{"allow":["GET"]}}],"collection":[{"href":"https:\/\/orthodoxblessings.com\/sv\/wp-json\/wp\/v2\/product"}],"about":[{"href":"https:\/\/orthodoxblessings.com\/sv\/wp-json\/wp\/v2\/types\/product"}],"wp:featuredmedia":[{"embeddable":true,"href":"https:\/\/orthodoxblessings.com\/sv\/wp-json\/wp\/v2\/media\/3819"}],"wp:attachment":[{"href":"https:\/\/orthodoxblessings.com\/sv\/wp-json\/wp\/v2\/media?parent=6263"}],"wp:term":[{"taxonomy":"product_brand","embeddable":true,"href":"https:\/\/orthodoxblessings.com\/sv\/wp-json\/wp\/v2\/product_brand?post=6263"},{"taxonomy":"product_cat","embeddable":true,"href":"https:\/\/orthodoxblessings.com\/sv\/wp-json\/wp\/v2\/product_cat?post=6263"},{"taxonomy":"product_tag","embeddable":true,"href":"https:\/\/orthodoxblessings.com\/sv\/wp-json\/wp\/v2\/product_tag?post=6263"}],"curies":[{"name":"wp","href":"https:\/\/api.w.org\/{rel}","templated":true}]}}