{"id":6262,"date":"2025-05-26T11:01:10","date_gmt":"2025-05-26T11:01:10","guid":{"rendered":"https:\/\/orthodoxblessings.com\/shop\/heligt-vatten-och-olja-fran-st-petka\/"},"modified":"2025-05-26T11:01:10","modified_gmt":"2025-05-26T11:01:10","slug":"heligt-vatten-och-olja-fran-st-petka","status":"publish","type":"product","link":"https:\/\/orthodoxblessings.com\/sv\/shop\/heligt-vatten-och-olja-fran-st-petka\/","title":{"rendered":"Heligt vatten och olja fr\u00e5n St Petka"},"content":{"rendered":"<p>Heligt vatten och olja till\u00e4gnad helgdagar ger andlig styrka och helande. Denna heliga g\u00e5va anv\u00e4nds f\u00f6r b\u00f6n, sm\u00f6rjelse och v\u00e4lsignelse, vilket ger tr\u00f6st och tro i vardagen.  <\/p>\n","protected":false},"excerpt":{"rendered":"<p>Heligt vatten och olja till\u00e4gnad helgdagar ger andlig styrka och helande. Denna heliga g\u00e5va anv\u00e4nds f\u00f6r b\u00f6n, sm\u00f6rjelse och v\u00e4lsignelse, vilket ger tr\u00f6st och tro i vardagen.<\/p>\n","protected":false},"featured_media":3814,"template":"","meta":{"give_campaign_id":0},"product_brand":[],"product_cat":[574],"product_tag":[],"class_list":{"0":"post-6262","1":"product","2":"type-product","3":"status-publish","4":"has-post-thumbnail","6":"product_cat-heligt-vatten-pa-flaska","8":"first","9":"instock","10":"purchasable","11":"product-type-simple"},"_links":{"self":[{"href":"https:\/\/orthodoxblessings.com\/sv\/wp-json\/wp\/v2\/product\/6262","targetHints":{"allow":["GET"]}}],"collection":[{"href":"https:\/\/orthodoxblessings.com\/sv\/wp-json\/wp\/v2\/product"}],"about":[{"href":"https:\/\/orthodoxblessings.com\/sv\/wp-json\/wp\/v2\/types\/product"}],"wp:featuredmedia":[{"embeddable":true,"href":"https:\/\/orthodoxblessings.com\/sv\/wp-json\/wp\/v2\/media\/3814"}],"wp:attachment":[{"href":"https:\/\/orthodoxblessings.com\/sv\/wp-json\/wp\/v2\/media?parent=6262"}],"wp:term":[{"taxonomy":"product_brand","embeddable":true,"href":"https:\/\/orthodoxblessings.com\/sv\/wp-json\/wp\/v2\/product_brand?post=6262"},{"taxonomy":"product_cat","embeddable":true,"href":"https:\/\/orthodoxblessings.com\/sv\/wp-json\/wp\/v2\/product_cat?post=6262"},{"taxonomy":"product_tag","embeddable":true,"href":"https:\/\/orthodoxblessings.com\/sv\/wp-json\/wp\/v2\/product_tag?post=6262"}],"curies":[{"name":"wp","href":"https:\/\/api.w.org\/{rel}","templated":true}]}}