{"id":6261,"date":"2025-05-26T11:01:10","date_gmt":"2025-05-26T11:01:10","guid":{"rendered":"https:\/\/orthodoxblessings.com\/shop\/litet-trakors-med-4-ikoner-och-snore\/"},"modified":"2025-05-26T11:01:10","modified_gmt":"2025-05-26T11:01:10","slug":"litet-trakors-med-4-ikoner-och-snore","status":"publish","type":"product","link":"https:\/\/orthodoxblessings.com\/sv\/shop\/litet-trakors-med-4-ikoner-och-snore\/","title":{"rendered":"Litet tr\u00e4kors med 4 ikoner och sn\u00f6re"},"content":{"rendered":"<p>Detta lilla men kraftfulla kors inneh\u00e5ller fyra ikoner som representerar ett starkt kristet skydd. Med ett sn\u00f6re f\u00f6r enkel b\u00e4rning \u00e4r detta h\u00e4nge idealiskt f\u00f6r alla som alltid vill ha en symbol f\u00f6r sin tro med sig.<\/p>\n","protected":false},"excerpt":{"rendered":"<p>Detta lilla men kraftfulla kors inneh\u00e5ller fyra ikoner som representerar ett starkt kristet skydd. Med ett sn\u00f6re f\u00f6r enkel b\u00e4rning \u00e4r detta h\u00e4nge idealiskt f\u00f6r alla som alltid vill ha en symbol f\u00f6r sin tro med sig.<\/p>\n","protected":false},"featured_media":0,"template":"","meta":{"give_campaign_id":0},"product_brand":[],"product_cat":[520],"product_tag":[],"class_list":{"0":"post-6261","1":"product","2":"type-product","3":"status-publish","5":"product_cat-kors-for-en-bil","7":"first","8":"outofstock","9":"purchasable","10":"product-type-simple"},"_links":{"self":[{"href":"https:\/\/orthodoxblessings.com\/sv\/wp-json\/wp\/v2\/product\/6261","targetHints":{"allow":["GET"]}}],"collection":[{"href":"https:\/\/orthodoxblessings.com\/sv\/wp-json\/wp\/v2\/product"}],"about":[{"href":"https:\/\/orthodoxblessings.com\/sv\/wp-json\/wp\/v2\/types\/product"}],"wp:attachment":[{"href":"https:\/\/orthodoxblessings.com\/sv\/wp-json\/wp\/v2\/media?parent=6261"}],"wp:term":[{"taxonomy":"product_brand","embeddable":true,"href":"https:\/\/orthodoxblessings.com\/sv\/wp-json\/wp\/v2\/product_brand?post=6261"},{"taxonomy":"product_cat","embeddable":true,"href":"https:\/\/orthodoxblessings.com\/sv\/wp-json\/wp\/v2\/product_cat?post=6261"},{"taxonomy":"product_tag","embeddable":true,"href":"https:\/\/orthodoxblessings.com\/sv\/wp-json\/wp\/v2\/product_tag?post=6261"}],"curies":[{"name":"wp","href":"https:\/\/api.w.org\/{rel}","templated":true}]}}