{"id":6260,"date":"2025-05-26T11:01:10","date_gmt":"2025-05-26T11:01:10","guid":{"rendered":"https:\/\/orthodoxblessings.com\/shop\/hange-med-gra-lasergravyr-och-glas\/"},"modified":"2025-05-26T11:01:10","modified_gmt":"2025-05-26T11:01:10","slug":"hange-med-gra-lasergravyr-och-glas","status":"publish","type":"product","link":"https:\/\/orthodoxblessings.com\/sv\/shop\/hange-med-gra-lasergravyr-och-glas\/","title":{"rendered":"H\u00e4nge med gr\u00e5 lasergravyr och glas"},"content":{"rendered":"<p>Det eleganta h\u00e4nget med gr\u00e5 lasergravyr och glasdetaljer representerar en unik kombination av andlighet och modern design. Den \u00e4r perfekt som present eller personlig sak som symboliserar tro och skydd. <\/p>\n","protected":false},"excerpt":{"rendered":"<p>Det eleganta h\u00e4nget med gr\u00e5 lasergravyr och glasdetaljer representerar en unik kombination av andlighet och modern design. Den \u00e4r perfekt som present eller personlig sak som symboliserar tro och skydd.<\/p>\n","protected":false},"featured_media":0,"template":"","meta":{"give_campaign_id":0},"product_brand":[],"product_cat":[520],"product_tag":[],"class_list":{"0":"post-6260","1":"product","2":"type-product","3":"status-publish","5":"product_cat-kors-for-en-bil","7":"first","8":"outofstock","9":"purchasable","10":"product-type-simple"},"_links":{"self":[{"href":"https:\/\/orthodoxblessings.com\/sv\/wp-json\/wp\/v2\/product\/6260","targetHints":{"allow":["GET"]}}],"collection":[{"href":"https:\/\/orthodoxblessings.com\/sv\/wp-json\/wp\/v2\/product"}],"about":[{"href":"https:\/\/orthodoxblessings.com\/sv\/wp-json\/wp\/v2\/types\/product"}],"wp:attachment":[{"href":"https:\/\/orthodoxblessings.com\/sv\/wp-json\/wp\/v2\/media?parent=6260"}],"wp:term":[{"taxonomy":"product_brand","embeddable":true,"href":"https:\/\/orthodoxblessings.com\/sv\/wp-json\/wp\/v2\/product_brand?post=6260"},{"taxonomy":"product_cat","embeddable":true,"href":"https:\/\/orthodoxblessings.com\/sv\/wp-json\/wp\/v2\/product_cat?post=6260"},{"taxonomy":"product_tag","embeddable":true,"href":"https:\/\/orthodoxblessings.com\/sv\/wp-json\/wp\/v2\/product_tag?post=6260"}],"curies":[{"name":"wp","href":"https:\/\/api.w.org\/{rel}","templated":true}]}}