{"id":6259,"date":"2025-05-26T11:01:10","date_gmt":"2025-05-26T11:01:10","guid":{"rendered":"https:\/\/orthodoxblessings.com\/shop\/bil-hange-ikon-av-st-john-the-baptist\/"},"modified":"2025-05-26T11:01:10","modified_gmt":"2025-05-26T11:01:10","slug":"bil-hange-ikon-av-st-john-the-baptist","status":"publish","type":"product","link":"https:\/\/orthodoxblessings.com\/sv\/shop\/bil-hange-ikon-av-st-john-the-baptist\/","title":{"rendered":"Bil h\u00e4nge Ikon av St. John the Baptist"},"content":{"rendered":"<p>Detta h\u00e4ngsmycke med ikonen av Johannes D\u00f6paren \u00e4r en symbol f\u00f6r andlig renhet och styrka. Den b\u00e4rs som ett skydd och en b\u00f6np\u00e5minnelse f\u00f6r alla som vill ha fred och Guds hj\u00e4lp under sina resor.  <\/p>\n","protected":false},"excerpt":{"rendered":"<p>Detta h\u00e4ngsmycke med ikonen av Johannes D\u00f6paren \u00e4r en symbol f\u00f6r andlig renhet och styrka. Den b\u00e4rs som ett skydd och en b\u00f6np\u00e5minnelse f\u00f6r alla som vill ha fred och Guds hj\u00e4lp under sina resor.<\/p>\n","protected":false},"featured_media":0,"template":"","meta":{"give_campaign_id":0},"product_brand":[],"product_cat":[520],"product_tag":[],"class_list":{"0":"post-6259","1":"product","2":"type-product","3":"status-publish","5":"product_cat-kors-for-en-bil","7":"first","8":"instock","9":"purchasable","10":"product-type-simple"},"_links":{"self":[{"href":"https:\/\/orthodoxblessings.com\/sv\/wp-json\/wp\/v2\/product\/6259","targetHints":{"allow":["GET"]}}],"collection":[{"href":"https:\/\/orthodoxblessings.com\/sv\/wp-json\/wp\/v2\/product"}],"about":[{"href":"https:\/\/orthodoxblessings.com\/sv\/wp-json\/wp\/v2\/types\/product"}],"wp:attachment":[{"href":"https:\/\/orthodoxblessings.com\/sv\/wp-json\/wp\/v2\/media?parent=6259"}],"wp:term":[{"taxonomy":"product_brand","embeddable":true,"href":"https:\/\/orthodoxblessings.com\/sv\/wp-json\/wp\/v2\/product_brand?post=6259"},{"taxonomy":"product_cat","embeddable":true,"href":"https:\/\/orthodoxblessings.com\/sv\/wp-json\/wp\/v2\/product_cat?post=6259"},{"taxonomy":"product_tag","embeddable":true,"href":"https:\/\/orthodoxblessings.com\/sv\/wp-json\/wp\/v2\/product_tag?post=6259"}],"curies":[{"name":"wp","href":"https:\/\/api.w.org\/{rel}","templated":true}]}}