{"id":6258,"date":"2025-05-26T11:01:10","date_gmt":"2025-05-26T11:01:10","guid":{"rendered":"https:\/\/orthodoxblessings.com\/shop\/bilhange-ryska-korset-med-jesus-kristus\/"},"modified":"2025-05-26T11:01:10","modified_gmt":"2025-05-26T11:01:10","slug":"bilhange-ryska-korset-med-jesus-kristus","status":"publish","type":"product","link":"https:\/\/orthodoxblessings.com\/sv\/shop\/bilhange-ryska-korset-med-jesus-kristus\/","title":{"rendered":"Bilh\u00e4nge ryska korset med Jesus Kristus"},"content":{"rendered":"<p>Detta ryska kors med bilden av Jesus Kristus \u00e4r speciellt utformat som skydd f\u00f6r f\u00f6rare. Dess detaljerade design och traditionella utseende g\u00f6r den till en idealisk f\u00f6ljeslagare i alla fordon, vilket ger frid och v\u00e4lsignelser p\u00e5 varje resa. <\/p>\n","protected":false},"excerpt":{"rendered":"<p>Detta ryska kors med bilden av Jesus Kristus \u00e4r speciellt utformat som skydd f\u00f6r f\u00f6rare. Dess detaljerade design och traditionella utseende g\u00f6r den till en idealisk f\u00f6ljeslagare i alla fordon, vilket ger frid och v\u00e4lsignelser p\u00e5 varje resa.<\/p>\n","protected":false},"featured_media":3811,"template":"","meta":{"give_campaign_id":0},"product_brand":[],"product_cat":[520],"product_tag":[],"class_list":{"0":"post-6258","1":"product","2":"type-product","3":"status-publish","4":"has-post-thumbnail","6":"product_cat-kors-for-en-bil","8":"first","9":"instock","10":"purchasable","11":"product-type-simple"},"_links":{"self":[{"href":"https:\/\/orthodoxblessings.com\/sv\/wp-json\/wp\/v2\/product\/6258","targetHints":{"allow":["GET"]}}],"collection":[{"href":"https:\/\/orthodoxblessings.com\/sv\/wp-json\/wp\/v2\/product"}],"about":[{"href":"https:\/\/orthodoxblessings.com\/sv\/wp-json\/wp\/v2\/types\/product"}],"wp:featuredmedia":[{"embeddable":true,"href":"https:\/\/orthodoxblessings.com\/sv\/wp-json\/wp\/v2\/media\/3811"}],"wp:attachment":[{"href":"https:\/\/orthodoxblessings.com\/sv\/wp-json\/wp\/v2\/media?parent=6258"}],"wp:term":[{"taxonomy":"product_brand","embeddable":true,"href":"https:\/\/orthodoxblessings.com\/sv\/wp-json\/wp\/v2\/product_brand?post=6258"},{"taxonomy":"product_cat","embeddable":true,"href":"https:\/\/orthodoxblessings.com\/sv\/wp-json\/wp\/v2\/product_cat?post=6258"},{"taxonomy":"product_tag","embeddable":true,"href":"https:\/\/orthodoxblessings.com\/sv\/wp-json\/wp\/v2\/product_tag?post=6258"}],"curies":[{"name":"wp","href":"https:\/\/api.w.org\/{rel}","templated":true}]}}