{"id":6256,"date":"2025-05-26T11:01:10","date_gmt":"2025-05-26T11:01:10","guid":{"rendered":"https:\/\/orthodoxblessings.com\/shop\/trakors-med-gravyr-och-ikon-av-jesus-kristus\/"},"modified":"2025-05-26T11:01:10","modified_gmt":"2025-05-26T11:01:10","slug":"trakors-med-gravyr-och-ikon-av-jesus-kristus","status":"publish","type":"product","link":"https:\/\/orthodoxblessings.com\/sv\/shop\/trakors-med-gravyr-och-ikon-av-jesus-kristus\/","title":{"rendered":"Tr\u00e4kors med gravyr och ikon av Jesus Kristus"},"content":{"rendered":"<p>Ett handgjort tr\u00e4kors med en exakt gravyr och en ikon av Jesus Kristus \u00e4r en perfekt andlig amulett f\u00f6r alla f\u00f6rare. Med en b\u00f6n om en s\u00e4ker resa kommer detta h\u00e4ngsmycke att p\u00e5minna dig om Guds n\u00e5d och skydda dig fr\u00e5n problem p\u00e5 dina resor.  <\/p>\n","protected":false},"excerpt":{"rendered":"<p>Ett handgjort tr\u00e4kors med en exakt gravyr och en ikon av Jesus Kristus \u00e4r en perfekt andlig amulett f\u00f6r alla f\u00f6rare. Med en b\u00f6n om en s\u00e4ker resa kommer detta h\u00e4ngsmycke att p\u00e5minna dig om Guds n\u00e5d och skydda dig fr\u00e5n problem p\u00e5 dina resor.<\/p>\n","protected":false},"featured_media":3807,"template":"","meta":{"give_campaign_id":0},"product_brand":[],"product_cat":[520],"product_tag":[],"class_list":{"0":"post-6256","1":"product","2":"type-product","3":"status-publish","4":"has-post-thumbnail","6":"product_cat-kors-for-en-bil","8":"first","9":"outofstock","10":"purchasable","11":"product-type-simple"},"_links":{"self":[{"href":"https:\/\/orthodoxblessings.com\/sv\/wp-json\/wp\/v2\/product\/6256","targetHints":{"allow":["GET"]}}],"collection":[{"href":"https:\/\/orthodoxblessings.com\/sv\/wp-json\/wp\/v2\/product"}],"about":[{"href":"https:\/\/orthodoxblessings.com\/sv\/wp-json\/wp\/v2\/types\/product"}],"wp:featuredmedia":[{"embeddable":true,"href":"https:\/\/orthodoxblessings.com\/sv\/wp-json\/wp\/v2\/media\/3807"}],"wp:attachment":[{"href":"https:\/\/orthodoxblessings.com\/sv\/wp-json\/wp\/v2\/media?parent=6256"}],"wp:term":[{"taxonomy":"product_brand","embeddable":true,"href":"https:\/\/orthodoxblessings.com\/sv\/wp-json\/wp\/v2\/product_brand?post=6256"},{"taxonomy":"product_cat","embeddable":true,"href":"https:\/\/orthodoxblessings.com\/sv\/wp-json\/wp\/v2\/product_cat?post=6256"},{"taxonomy":"product_tag","embeddable":true,"href":"https:\/\/orthodoxblessings.com\/sv\/wp-json\/wp\/v2\/product_tag?post=6256"}],"curies":[{"name":"wp","href":"https:\/\/api.w.org\/{rel}","templated":true}]}}