{"id":6255,"date":"2025-05-26T11:01:10","date_gmt":"2025-05-26T11:01:10","guid":{"rendered":"https:\/\/orthodoxblessings.com\/shop\/metallhange-med-ikonen-for-st-nektarios\/"},"modified":"2025-05-26T11:01:10","modified_gmt":"2025-05-26T11:01:10","slug":"metallhange-med-ikonen-for-st-nektarios","status":"publish","type":"product","link":"https:\/\/orthodoxblessings.com\/sv\/shop\/metallhange-med-ikonen-for-st-nektarios\/","title":{"rendered":"Metallh\u00e4nge med ikonen f\u00f6r St. Nektarios"},"content":{"rendered":"<p>Ett elegant metallh\u00e4nge med en exakt utformad ikon av Saint Nektarios, skyddshelgon f\u00f6r de sjuka och de som s\u00f6ker andlig tr\u00f6st. Det \u00e4r perfekt f\u00f6r f\u00f6rare, resen\u00e4rer och alla som vill k\u00e4nna v\u00e4lsignelsen och skyddet av detta stora helgon. Idealisk som g\u00e5va eller personligt andligt f\u00f6rem\u00e5l.  <\/p>\n","protected":false},"excerpt":{"rendered":"<p>Ett elegant metallh\u00e4nge med en exakt utformad ikon av Saint Nektarios, skyddshelgon f\u00f6r de sjuka och de som s\u00f6ker andlig tr\u00f6st. Det \u00e4r perfekt f\u00f6r f\u00f6rare, resen\u00e4rer och alla som vill k\u00e4nna v\u00e4lsignelsen och skyddet av detta stora helgon. Idealisk som g\u00e5va eller personligt andligt f\u00f6rem\u00e5l.<\/p>\n","protected":false},"featured_media":3806,"template":"","meta":{"give_campaign_id":0},"product_brand":[],"product_cat":[520],"product_tag":[],"class_list":{"0":"post-6255","1":"product","2":"type-product","3":"status-publish","4":"has-post-thumbnail","6":"product_cat-kors-for-en-bil","8":"first","9":"instock","10":"purchasable","11":"product-type-simple"},"_links":{"self":[{"href":"https:\/\/orthodoxblessings.com\/sv\/wp-json\/wp\/v2\/product\/6255","targetHints":{"allow":["GET"]}}],"collection":[{"href":"https:\/\/orthodoxblessings.com\/sv\/wp-json\/wp\/v2\/product"}],"about":[{"href":"https:\/\/orthodoxblessings.com\/sv\/wp-json\/wp\/v2\/types\/product"}],"wp:featuredmedia":[{"embeddable":true,"href":"https:\/\/orthodoxblessings.com\/sv\/wp-json\/wp\/v2\/media\/3806"}],"wp:attachment":[{"href":"https:\/\/orthodoxblessings.com\/sv\/wp-json\/wp\/v2\/media?parent=6255"}],"wp:term":[{"taxonomy":"product_brand","embeddable":true,"href":"https:\/\/orthodoxblessings.com\/sv\/wp-json\/wp\/v2\/product_brand?post=6255"},{"taxonomy":"product_cat","embeddable":true,"href":"https:\/\/orthodoxblessings.com\/sv\/wp-json\/wp\/v2\/product_cat?post=6255"},{"taxonomy":"product_tag","embeddable":true,"href":"https:\/\/orthodoxblessings.com\/sv\/wp-json\/wp\/v2\/product_tag?post=6255"}],"curies":[{"name":"wp","href":"https:\/\/api.w.org\/{rel}","templated":true}]}}