{"id":6254,"date":"2025-05-26T11:01:10","date_gmt":"2025-05-26T11:01:10","guid":{"rendered":"https:\/\/orthodoxblessings.com\/shop\/bilhange-med-ikon-och-glas\/"},"modified":"2025-09-06T09:21:31","modified_gmt":"2025-09-06T09:21:31","slug":"bilhange-med-ikon-och-glas","status":"publish","type":"product","link":"https:\/\/orthodoxblessings.com\/sv\/shop\/bilhange-med-ikon-och-glas\/","title":{"rendered":"Bilh\u00e4nge med ikon och glas"},"content":{"rendered":"<p>Detta ikonglash\u00e4ngsmycke ger andlig s\u00e4kerhet och sk\u00f6nhet. Ikonen i glasform tillf\u00f6r elegans och kan fungera som en skyddande symbol p\u00e5 v\u00e4gen.  <\/p>\n","protected":false},"excerpt":{"rendered":"<p>Detta ikonglash\u00e4ngsmycke ger andlig s\u00e4kerhet och sk\u00f6nhet. Ikonen i glasform tillf\u00f6r elegans och kan fungera som en skyddande symbol p\u00e5 v\u00e4gen.<\/p>\n","protected":false},"featured_media":0,"template":"","meta":{"give_campaign_id":0},"product_brand":[],"product_cat":[520],"product_tag":[],"class_list":{"0":"post-6254","1":"product","2":"type-product","3":"status-publish","5":"product_cat-kors-for-en-bil","7":"first","8":"outofstock","9":"purchasable","10":"product-type-simple"},"_links":{"self":[{"href":"https:\/\/orthodoxblessings.com\/sv\/wp-json\/wp\/v2\/product\/6254","targetHints":{"allow":["GET"]}}],"collection":[{"href":"https:\/\/orthodoxblessings.com\/sv\/wp-json\/wp\/v2\/product"}],"about":[{"href":"https:\/\/orthodoxblessings.com\/sv\/wp-json\/wp\/v2\/types\/product"}],"wp:attachment":[{"href":"https:\/\/orthodoxblessings.com\/sv\/wp-json\/wp\/v2\/media?parent=6254"}],"wp:term":[{"taxonomy":"product_brand","embeddable":true,"href":"https:\/\/orthodoxblessings.com\/sv\/wp-json\/wp\/v2\/product_brand?post=6254"},{"taxonomy":"product_cat","embeddable":true,"href":"https:\/\/orthodoxblessings.com\/sv\/wp-json\/wp\/v2\/product_cat?post=6254"},{"taxonomy":"product_tag","embeddable":true,"href":"https:\/\/orthodoxblessings.com\/sv\/wp-json\/wp\/v2\/product_tag?post=6254"}],"curies":[{"name":"wp","href":"https:\/\/api.w.org\/{rel}","templated":true}]}}