{"id":6252,"date":"2025-05-26T11:01:10","date_gmt":"2025-05-26T11:01:10","guid":{"rendered":"https:\/\/orthodoxblessings.com\/shop\/hange-krstic-till-bilen-i-brun-farg-med-skarpa-trasnittskanter\/"},"modified":"2025-05-26T11:01:10","modified_gmt":"2025-05-26T11:01:10","slug":"hange-krstic-till-bilen-i-brun-farg-med-skarpa-trasnittskanter","status":"publish","type":"product","link":"https:\/\/orthodoxblessings.com\/sv\/shop\/hange-krstic-till-bilen-i-brun-farg-med-skarpa-trasnittskanter\/","title":{"rendered":"H\u00e4nge Krsti\u0107 till bilen i brun f\u00e4rg med skarpa tr\u00e4snittskanter"},"content":{"rendered":"<p>Detta bilh\u00e4nge med brun f\u00e4rg och skarpa tr\u00e4snittskanter har ett modernt utseende men beh\u00e5ller en djup andlig inneb\u00f6rd. Dess soliditet och utseende ger djup till dess funktionalitet som en amulett f\u00f6r skydd p\u00e5 v\u00e4gen.  <\/p>\n","protected":false},"excerpt":{"rendered":"<p>Detta bilh\u00e4nge med brun f\u00e4rg och skarpa tr\u00e4snittskanter har ett modernt utseende men beh\u00e5ller en djup andlig inneb\u00f6rd. Dess soliditet och utseende ger djup till dess funktionalitet som en amulett f\u00f6r skydd p\u00e5 v\u00e4gen.<\/p>\n","protected":false},"featured_media":3803,"template":"","meta":{"give_campaign_id":0},"product_brand":[],"product_cat":[520],"product_tag":[],"class_list":{"0":"post-6252","1":"product","2":"type-product","3":"status-publish","4":"has-post-thumbnail","6":"product_cat-kors-for-en-bil","8":"first","9":"instock","10":"purchasable","11":"product-type-simple"},"_links":{"self":[{"href":"https:\/\/orthodoxblessings.com\/sv\/wp-json\/wp\/v2\/product\/6252","targetHints":{"allow":["GET"]}}],"collection":[{"href":"https:\/\/orthodoxblessings.com\/sv\/wp-json\/wp\/v2\/product"}],"about":[{"href":"https:\/\/orthodoxblessings.com\/sv\/wp-json\/wp\/v2\/types\/product"}],"wp:featuredmedia":[{"embeddable":true,"href":"https:\/\/orthodoxblessings.com\/sv\/wp-json\/wp\/v2\/media\/3803"}],"wp:attachment":[{"href":"https:\/\/orthodoxblessings.com\/sv\/wp-json\/wp\/v2\/media?parent=6252"}],"wp:term":[{"taxonomy":"product_brand","embeddable":true,"href":"https:\/\/orthodoxblessings.com\/sv\/wp-json\/wp\/v2\/product_brand?post=6252"},{"taxonomy":"product_cat","embeddable":true,"href":"https:\/\/orthodoxblessings.com\/sv\/wp-json\/wp\/v2\/product_cat?post=6252"},{"taxonomy":"product_tag","embeddable":true,"href":"https:\/\/orthodoxblessings.com\/sv\/wp-json\/wp\/v2\/product_tag?post=6252"}],"curies":[{"name":"wp","href":"https:\/\/api.w.org\/{rel}","templated":true}]}}