{"id":6251,"date":"2025-05-26T11:01:10","date_gmt":"2025-05-26T11:01:10","guid":{"rendered":"https:\/\/orthodoxblessings.com\/shop\/korshange-med-rott-glas-och-silverkanter\/"},"modified":"2025-05-26T11:01:10","modified_gmt":"2025-05-26T11:01:10","slug":"korshange-med-rott-glas-och-silverkanter","status":"publish","type":"product","link":"https:\/\/orthodoxblessings.com\/sv\/shop\/korshange-med-rott-glas-och-silverkanter\/","title":{"rendered":"Korsh\u00e4nge med r\u00f6tt glas och silverkanter"},"content":{"rendered":"<p>Detta krucifixh\u00e4nge med r\u00f6tt glas och silverkanter \u00e4r en elegant och andlig pj\u00e4s. Det r\u00f6da glaset symboliserar offer och lidande, medan silverkanterna tillf\u00f6r subtil sk\u00f6nhet och elegans.  <\/p>\n","protected":false},"excerpt":{"rendered":"<p>Detta krucifixh\u00e4nge med r\u00f6tt glas och silverkanter \u00e4r en elegant och andlig pj\u00e4s. Det r\u00f6da glaset symboliserar offer och lidande, medan silverkanterna tillf\u00f6r subtil sk\u00f6nhet och elegans.<\/p>\n","protected":false},"featured_media":3799,"template":"","meta":{"give_campaign_id":0},"product_brand":[],"product_cat":[520],"product_tag":[],"class_list":{"0":"post-6251","1":"product","2":"type-product","3":"status-publish","4":"has-post-thumbnail","6":"product_cat-kors-for-en-bil","8":"first","9":"instock","10":"purchasable","11":"product-type-simple"},"_links":{"self":[{"href":"https:\/\/orthodoxblessings.com\/sv\/wp-json\/wp\/v2\/product\/6251","targetHints":{"allow":["GET"]}}],"collection":[{"href":"https:\/\/orthodoxblessings.com\/sv\/wp-json\/wp\/v2\/product"}],"about":[{"href":"https:\/\/orthodoxblessings.com\/sv\/wp-json\/wp\/v2\/types\/product"}],"wp:featuredmedia":[{"embeddable":true,"href":"https:\/\/orthodoxblessings.com\/sv\/wp-json\/wp\/v2\/media\/3799"}],"wp:attachment":[{"href":"https:\/\/orthodoxblessings.com\/sv\/wp-json\/wp\/v2\/media?parent=6251"}],"wp:term":[{"taxonomy":"product_brand","embeddable":true,"href":"https:\/\/orthodoxblessings.com\/sv\/wp-json\/wp\/v2\/product_brand?post=6251"},{"taxonomy":"product_cat","embeddable":true,"href":"https:\/\/orthodoxblessings.com\/sv\/wp-json\/wp\/v2\/product_cat?post=6251"},{"taxonomy":"product_tag","embeddable":true,"href":"https:\/\/orthodoxblessings.com\/sv\/wp-json\/wp\/v2\/product_tag?post=6251"}],"curies":[{"name":"wp","href":"https:\/\/api.w.org\/{rel}","templated":true}]}}