{"id":6250,"date":"2025-05-26T11:01:10","date_gmt":"2025-05-26T11:01:10","guid":{"rendered":"https:\/\/orthodoxblessings.com\/shop\/korshange-med-jesus-kristus-och-bon\/"},"modified":"2025-12-09T14:32:35","modified_gmt":"2025-12-09T14:32:35","slug":"korshange-med-jesus-kristus-och-bon","status":"publish","type":"product","link":"https:\/\/orthodoxblessings.com\/sv\/shop\/korshange-med-jesus-kristus-och-bon\/","title":{"rendered":"H\u00e4nge f\u00f6r bilkors med Jesus Kristus i tr\u00e4 och metall"},"content":{"rendered":"<p>Ett korsh\u00e4nge med Jesus Kristus och en b\u00f6n ger andlig tr\u00f6st och skydd. Jesus som den centrala figuren p\u00e5 detta kors p\u00e5minner oss om Kristi k\u00e4rlek och offer f\u00f6r m\u00e4nsklighetens fr\u00e4lsning.<\/p>\n","protected":false},"excerpt":{"rendered":"<p>Ett korsh\u00e4nge med Jesus Kristus och en b\u00f6n ger andlig tr\u00f6st och skydd. Jesus som den centrala figuren p\u00e5 detta kors p\u00e5minner oss om Kristi k\u00e4rlek och offer f\u00f6r m\u00e4nsklighetens fr\u00e4lsning.<\/p>\n","protected":false},"featured_media":6948,"template":"","meta":{"give_campaign_id":0},"product_brand":[],"product_cat":[520],"product_tag":[],"class_list":{"0":"post-6250","1":"product","2":"type-product","3":"status-publish","4":"has-post-thumbnail","6":"product_cat-kors-for-en-bil","8":"first","9":"instock","10":"purchasable","11":"product-type-simple"},"_links":{"self":[{"href":"https:\/\/orthodoxblessings.com\/sv\/wp-json\/wp\/v2\/product\/6250","targetHints":{"allow":["GET"]}}],"collection":[{"href":"https:\/\/orthodoxblessings.com\/sv\/wp-json\/wp\/v2\/product"}],"about":[{"href":"https:\/\/orthodoxblessings.com\/sv\/wp-json\/wp\/v2\/types\/product"}],"wp:featuredmedia":[{"embeddable":true,"href":"https:\/\/orthodoxblessings.com\/sv\/wp-json\/wp\/v2\/media\/6948"}],"wp:attachment":[{"href":"https:\/\/orthodoxblessings.com\/sv\/wp-json\/wp\/v2\/media?parent=6250"}],"wp:term":[{"taxonomy":"product_brand","embeddable":true,"href":"https:\/\/orthodoxblessings.com\/sv\/wp-json\/wp\/v2\/product_brand?post=6250"},{"taxonomy":"product_cat","embeddable":true,"href":"https:\/\/orthodoxblessings.com\/sv\/wp-json\/wp\/v2\/product_cat?post=6250"},{"taxonomy":"product_tag","embeddable":true,"href":"https:\/\/orthodoxblessings.com\/sv\/wp-json\/wp\/v2\/product_tag?post=6250"}],"curies":[{"name":"wp","href":"https:\/\/api.w.org\/{rel}","templated":true}]}}