{"id":6249,"date":"2025-05-26T11:01:10","date_gmt":"2025-05-26T11:01:10","guid":{"rendered":"https:\/\/orthodoxblessings.com\/shop\/bilhange-med-ikonen-for-st-georgia\/"},"modified":"2025-05-26T11:01:10","modified_gmt":"2025-05-26T11:01:10","slug":"bilhange-med-ikonen-for-st-georgia","status":"publish","type":"product","link":"https:\/\/orthodoxblessings.com\/sv\/shop\/bilhange-med-ikonen-for-st-georgia\/","title":{"rendered":"Bilh\u00e4nge med ikonen f\u00f6r St. Georgia"},"content":{"rendered":"<p>Detta bilh\u00e4nge med ikonen f\u00f6r St. Georgia b\u00e4r med sig en stark symbolik f\u00f6r det godas seger \u00f6ver det onda.  St Georgije, som beskyddare, ger andlig trygghet och frid till resor.<\/p>\n","protected":false},"excerpt":{"rendered":"<p>Detta bilh\u00e4nge med ikonen f\u00f6r St. Georgia b\u00e4r med sig en stark symbolik f\u00f6r det godas seger \u00f6ver det onda. St Georgije, som beskyddare, ger andlig trygghet och frid till resor.<\/p>\n","protected":false},"featured_media":0,"template":"","meta":{"give_campaign_id":0},"product_brand":[],"product_cat":[520],"product_tag":[],"class_list":{"0":"post-6249","1":"product","2":"type-product","3":"status-publish","5":"product_cat-kors-for-en-bil","7":"first","8":"outofstock","9":"purchasable","10":"product-type-simple"},"_links":{"self":[{"href":"https:\/\/orthodoxblessings.com\/sv\/wp-json\/wp\/v2\/product\/6249","targetHints":{"allow":["GET"]}}],"collection":[{"href":"https:\/\/orthodoxblessings.com\/sv\/wp-json\/wp\/v2\/product"}],"about":[{"href":"https:\/\/orthodoxblessings.com\/sv\/wp-json\/wp\/v2\/types\/product"}],"wp:attachment":[{"href":"https:\/\/orthodoxblessings.com\/sv\/wp-json\/wp\/v2\/media?parent=6249"}],"wp:term":[{"taxonomy":"product_brand","embeddable":true,"href":"https:\/\/orthodoxblessings.com\/sv\/wp-json\/wp\/v2\/product_brand?post=6249"},{"taxonomy":"product_cat","embeddable":true,"href":"https:\/\/orthodoxblessings.com\/sv\/wp-json\/wp\/v2\/product_cat?post=6249"},{"taxonomy":"product_tag","embeddable":true,"href":"https:\/\/orthodoxblessings.com\/sv\/wp-json\/wp\/v2\/product_tag?post=6249"}],"curies":[{"name":"wp","href":"https:\/\/api.w.org\/{rel}","templated":true}]}}