{"id":6248,"date":"2025-05-26T11:01:10","date_gmt":"2025-05-26T11:01:10","guid":{"rendered":"https:\/\/orthodoxblessings.com\/shop\/korshange-for-bilen-med-trasnideri-och-bon\/"},"modified":"2025-12-09T13:34:43","modified_gmt":"2025-12-09T13:34:43","slug":"korshange-for-bilen-med-trasnideri-och-bon","status":"publish","type":"product","link":"https:\/\/orthodoxblessings.com\/sv\/shop\/korshange-for-bilen-med-trasnideri-och-bon\/","title":{"rendered":"Korsh\u00e4nge med rundade kanter f\u00f6r bil med snideri och b\u00f6n"},"content":{"rendered":"<p>Ett krucifix bilh\u00e4nge med en snidning och en b\u00f6n ger extra andlig styrka. En b\u00f6n i kombinerad form med ett tr\u00e4snitt g\u00f6r detta h\u00e4ngsmycke till ett speciellt skydd p\u00e5 v\u00e4gen.<\/p>\n","protected":false},"excerpt":{"rendered":"<p>Ett krucifix bilh\u00e4nge med en snidning och en b\u00f6n ger extra andlig styrka. En b\u00f6n i kombinerad form med ett tr\u00e4snitt g\u00f6r detta h\u00e4ngsmycke till ett speciellt skydd p\u00e5 v\u00e4gen.<\/p>\n","protected":false},"featured_media":6921,"template":"","meta":{"give_campaign_id":0},"product_brand":[],"product_cat":[520],"product_tag":[],"class_list":{"0":"post-6248","1":"product","2":"type-product","3":"status-publish","4":"has-post-thumbnail","6":"product_cat-kors-for-en-bil","8":"first","9":"instock","10":"purchasable","11":"product-type-simple"},"_links":{"self":[{"href":"https:\/\/orthodoxblessings.com\/sv\/wp-json\/wp\/v2\/product\/6248","targetHints":{"allow":["GET"]}}],"collection":[{"href":"https:\/\/orthodoxblessings.com\/sv\/wp-json\/wp\/v2\/product"}],"about":[{"href":"https:\/\/orthodoxblessings.com\/sv\/wp-json\/wp\/v2\/types\/product"}],"wp:featuredmedia":[{"embeddable":true,"href":"https:\/\/orthodoxblessings.com\/sv\/wp-json\/wp\/v2\/media\/6921"}],"wp:attachment":[{"href":"https:\/\/orthodoxblessings.com\/sv\/wp-json\/wp\/v2\/media?parent=6248"}],"wp:term":[{"taxonomy":"product_brand","embeddable":true,"href":"https:\/\/orthodoxblessings.com\/sv\/wp-json\/wp\/v2\/product_brand?post=6248"},{"taxonomy":"product_cat","embeddable":true,"href":"https:\/\/orthodoxblessings.com\/sv\/wp-json\/wp\/v2\/product_cat?post=6248"},{"taxonomy":"product_tag","embeddable":true,"href":"https:\/\/orthodoxblessings.com\/sv\/wp-json\/wp\/v2\/product_tag?post=6248"}],"curies":[{"name":"wp","href":"https:\/\/api.w.org\/{rel}","templated":true}]}}