{"id":6247,"date":"2025-05-26T11:01:10","date_gmt":"2025-05-26T11:01:10","guid":{"rendered":"https:\/\/orthodoxblessings.com\/shop\/vaggklocka-av-st-nicholas\/"},"modified":"2025-05-26T11:01:10","modified_gmt":"2025-05-26T11:01:10","slug":"vaggklocka-av-st-nicholas","status":"publish","type":"product","link":"https:\/\/orthodoxblessings.com\/sv\/shop\/vaggklocka-av-st-nicholas\/","title":{"rendered":"V\u00e4ggklocka av St Nicholas"},"content":{"rendered":"<p>V\u00e4ggklockan med bilden av Saint Nicholas representerar den perfekta kombinationen av ett praktiskt f\u00f6rem\u00e5l och en andlig symbol. St Nicholas, som beskyddare, ger v\u00e4lsignelse och frid, medan klockan fungerar som en p\u00e5minnelse om Guds eviga tid.<\/p>\n","protected":false},"excerpt":{"rendered":"<p>V\u00e4ggklockan med bilden av Saint Nicholas representerar den perfekta kombinationen av ett praktiskt f\u00f6rem\u00e5l och en andlig symbol. St Nicholas, som beskyddare, ger v\u00e4lsignelse och frid, medan klockan fungerar som en p\u00e5minnelse om Guds eviga tid.<\/p>\n","protected":false},"featured_media":0,"template":"","meta":{"give_campaign_id":0},"product_brand":[],"product_cat":[555],"product_tag":[],"class_list":{"0":"post-6247","1":"product","2":"type-product","3":"status-publish","5":"product_cat-gavor","7":"first","8":"outofstock","9":"purchasable","10":"product-type-simple"},"_links":{"self":[{"href":"https:\/\/orthodoxblessings.com\/sv\/wp-json\/wp\/v2\/product\/6247","targetHints":{"allow":["GET"]}}],"collection":[{"href":"https:\/\/orthodoxblessings.com\/sv\/wp-json\/wp\/v2\/product"}],"about":[{"href":"https:\/\/orthodoxblessings.com\/sv\/wp-json\/wp\/v2\/types\/product"}],"wp:attachment":[{"href":"https:\/\/orthodoxblessings.com\/sv\/wp-json\/wp\/v2\/media?parent=6247"}],"wp:term":[{"taxonomy":"product_brand","embeddable":true,"href":"https:\/\/orthodoxblessings.com\/sv\/wp-json\/wp\/v2\/product_brand?post=6247"},{"taxonomy":"product_cat","embeddable":true,"href":"https:\/\/orthodoxblessings.com\/sv\/wp-json\/wp\/v2\/product_cat?post=6247"},{"taxonomy":"product_tag","embeddable":true,"href":"https:\/\/orthodoxblessings.com\/sv\/wp-json\/wp\/v2\/product_tag?post=6247"}],"curies":[{"name":"wp","href":"https:\/\/api.w.org\/{rel}","templated":true}]}}