{"id":6246,"date":"2025-05-26T11:01:10","date_gmt":"2025-05-26T11:01:10","guid":{"rendered":"https:\/\/orthodoxblessings.com\/shop\/krstic-bilhange-med-trasnideri\/"},"modified":"2025-05-26T11:01:10","modified_gmt":"2025-05-26T11:01:10","slug":"krstic-bilhange-med-trasnideri","status":"publish","type":"product","link":"https:\/\/orthodoxblessings.com\/sv\/shop\/krstic-bilhange-med-trasnideri\/","title":{"rendered":"Krsti\u0107 bilh\u00e4nge med tr\u00e4snideri"},"content":{"rendered":"<p>Detta korsh\u00e4nge f\u00f6r bilen med tr\u00e4snideri fungerar som en skyddande amulett p\u00e5 v\u00e4gen. Dess tr\u00e4snidade konst tillf\u00f6r ett unikt v\u00e4rde och g\u00f6r den till en andlig symbol som \u00e5tf\u00f6ljer och skyddar f\u00f6rare.<\/p>\n","protected":false},"excerpt":{"rendered":"<p>Detta korsh\u00e4nge f\u00f6r bilen med tr\u00e4snideri fungerar som en skyddande amulett p\u00e5 v\u00e4gen. Dess tr\u00e4snidade konst tillf\u00f6r ett unikt v\u00e4rde och g\u00f6r den till en andlig symbol som \u00e5tf\u00f6ljer och skyddar f\u00f6rare.<\/p>\n","protected":false},"featured_media":0,"template":"","meta":{"give_campaign_id":0},"product_brand":[],"product_cat":[520],"product_tag":[],"class_list":{"0":"post-6246","1":"product","2":"type-product","3":"status-publish","5":"product_cat-kors-for-en-bil","7":"first","8":"outofstock","9":"purchasable","10":"product-type-simple"},"_links":{"self":[{"href":"https:\/\/orthodoxblessings.com\/sv\/wp-json\/wp\/v2\/product\/6246","targetHints":{"allow":["GET"]}}],"collection":[{"href":"https:\/\/orthodoxblessings.com\/sv\/wp-json\/wp\/v2\/product"}],"about":[{"href":"https:\/\/orthodoxblessings.com\/sv\/wp-json\/wp\/v2\/types\/product"}],"wp:attachment":[{"href":"https:\/\/orthodoxblessings.com\/sv\/wp-json\/wp\/v2\/media?parent=6246"}],"wp:term":[{"taxonomy":"product_brand","embeddable":true,"href":"https:\/\/orthodoxblessings.com\/sv\/wp-json\/wp\/v2\/product_brand?post=6246"},{"taxonomy":"product_cat","embeddable":true,"href":"https:\/\/orthodoxblessings.com\/sv\/wp-json\/wp\/v2\/product_cat?post=6246"},{"taxonomy":"product_tag","embeddable":true,"href":"https:\/\/orthodoxblessings.com\/sv\/wp-json\/wp\/v2\/product_tag?post=6246"}],"curies":[{"name":"wp","href":"https:\/\/api.w.org\/{rel}","templated":true}]}}