{"id":6245,"date":"2025-05-26T11:01:10","date_gmt":"2025-05-26T11:01:10","guid":{"rendered":"https:\/\/orthodoxblessings.com\/shop\/wall-cross-med-ikoner-pa-fram-och-baksidan\/"},"modified":"2025-05-26T11:01:10","modified_gmt":"2025-05-26T11:01:10","slug":"wall-cross-med-ikoner-pa-fram-och-baksidan","status":"publish","type":"product","link":"https:\/\/orthodoxblessings.com\/sv\/shop\/wall-cross-med-ikoner-pa-fram-och-baksidan\/","title":{"rendered":"Wall Cross med ikoner p\u00e5 fram- och baksidan"},"content":{"rendered":"<p>Detta kors med ikoner p\u00e5 fram- och baksidan ger en dubbel andlig f\u00f6rdel. F\u00f6rutom sin grundl\u00e4ggande funktion som symbol f\u00f6r tro, erbjuder detta kors ocks\u00e5 en djup b\u00f6nkraft som kommer fr\u00e5n b\u00e5da sidor om ikonen.  <\/p>\n","protected":false},"excerpt":{"rendered":"<p>Detta kors med ikoner p\u00e5 fram- och baksidan ger en dubbel andlig f\u00f6rdel. F\u00f6rutom sin grundl\u00e4ggande funktion som symbol f\u00f6r tro, erbjuder detta kors ocks\u00e5 en djup b\u00f6nkraft som kommer fr\u00e5n b\u00e5da sidor om ikonen.<\/p>\n","protected":false},"featured_media":0,"template":"","meta":{"give_campaign_id":0},"product_brand":[],"product_cat":[518],"product_tag":[],"class_list":{"0":"post-6245","1":"product","2":"type-product","3":"status-publish","5":"product_cat-vaggkors","7":"first","8":"instock","9":"purchasable","10":"product-type-simple"},"_links":{"self":[{"href":"https:\/\/orthodoxblessings.com\/sv\/wp-json\/wp\/v2\/product\/6245","targetHints":{"allow":["GET"]}}],"collection":[{"href":"https:\/\/orthodoxblessings.com\/sv\/wp-json\/wp\/v2\/product"}],"about":[{"href":"https:\/\/orthodoxblessings.com\/sv\/wp-json\/wp\/v2\/types\/product"}],"wp:attachment":[{"href":"https:\/\/orthodoxblessings.com\/sv\/wp-json\/wp\/v2\/media?parent=6245"}],"wp:term":[{"taxonomy":"product_brand","embeddable":true,"href":"https:\/\/orthodoxblessings.com\/sv\/wp-json\/wp\/v2\/product_brand?post=6245"},{"taxonomy":"product_cat","embeddable":true,"href":"https:\/\/orthodoxblessings.com\/sv\/wp-json\/wp\/v2\/product_cat?post=6245"},{"taxonomy":"product_tag","embeddable":true,"href":"https:\/\/orthodoxblessings.com\/sv\/wp-json\/wp\/v2\/product_tag?post=6245"}],"curies":[{"name":"wp","href":"https:\/\/api.w.org\/{rel}","templated":true}]}}