{"id":6241,"date":"2025-05-26T11:01:22","date_gmt":"2025-05-26T11:01:22","guid":{"rendered":"https:\/\/orthodoxblessings.com\/shop\/briketter-vagrar\/"},"modified":"2025-05-26T11:01:22","modified_gmt":"2025-05-26T11:01:22","slug":"briketter-vagrar","status":"publish","type":"product","link":"https:\/\/orthodoxblessings.com\/sv\/shop\/briketter-vagrar\/","title":{"rendered":"Briketter v\u00e4grar"},"content":{"rendered":"<p>Bulkpackning av briketter, ekonomiskt och l\u00e4mpligt f\u00f6r l\u00e4ngre anv\u00e4ndning i kyrka och hemb\u00f6neomr\u00e5den.<\/p>\n","protected":false},"excerpt":{"rendered":"<p>Bulkpackning av briketter, ekonomiskt och l\u00e4mpligt f\u00f6r l\u00e4ngre anv\u00e4ndning i kyrka och hemb\u00f6neomr\u00e5den.<\/p>\n","protected":false},"featured_media":3862,"template":"","meta":{"give_campaign_id":0},"product_brand":[],"product_cat":[545],"product_tag":[],"class_list":{"0":"post-6241","1":"product","2":"type-product","3":"status-publish","4":"has-post-thumbnail","6":"product_cat-briketter","8":"first","9":"instock","10":"purchasable","11":"product-type-simple"},"_links":{"self":[{"href":"https:\/\/orthodoxblessings.com\/sv\/wp-json\/wp\/v2\/product\/6241","targetHints":{"allow":["GET"]}}],"collection":[{"href":"https:\/\/orthodoxblessings.com\/sv\/wp-json\/wp\/v2\/product"}],"about":[{"href":"https:\/\/orthodoxblessings.com\/sv\/wp-json\/wp\/v2\/types\/product"}],"wp:featuredmedia":[{"embeddable":true,"href":"https:\/\/orthodoxblessings.com\/sv\/wp-json\/wp\/v2\/media\/3862"}],"wp:attachment":[{"href":"https:\/\/orthodoxblessings.com\/sv\/wp-json\/wp\/v2\/media?parent=6241"}],"wp:term":[{"taxonomy":"product_brand","embeddable":true,"href":"https:\/\/orthodoxblessings.com\/sv\/wp-json\/wp\/v2\/product_brand?post=6241"},{"taxonomy":"product_cat","embeddable":true,"href":"https:\/\/orthodoxblessings.com\/sv\/wp-json\/wp\/v2\/product_cat?post=6241"},{"taxonomy":"product_tag","embeddable":true,"href":"https:\/\/orthodoxblessings.com\/sv\/wp-json\/wp\/v2\/product_tag?post=6241"}],"curies":[{"name":"wp","href":"https:\/\/api.w.org\/{rel}","templated":true}]}}