{"id":6240,"date":"2025-05-26T11:01:22","date_gmt":"2025-05-26T11:01:22","guid":{"rendered":"https:\/\/orthodoxblessings.com\/shop\/briketter-i-ett-ror\/"},"modified":"2025-05-26T11:01:22","modified_gmt":"2025-05-26T11:01:22","slug":"briketter-i-ett-ror","status":"publish","type":"product","link":"https:\/\/orthodoxblessings.com\/sv\/shop\/briketter-i-ett-ror\/","title":{"rendered":"Briketter i ett r\u00f6r"},"content":{"rendered":"<p>F\u00f6rpackning av briketter i en praktisk tub, idealisk f\u00f6r f\u00f6rvaring och anv\u00e4ndning i hush\u00e5llet.<\/p>\n","protected":false},"excerpt":{"rendered":"<p>F\u00f6rpackning av briketter i en praktisk tub, idealisk f\u00f6r f\u00f6rvaring och anv\u00e4ndning i hush\u00e5llet.<\/p>\n","protected":false},"featured_media":3859,"template":"","meta":{"give_campaign_id":0},"product_brand":[],"product_cat":[545],"product_tag":[],"class_list":{"0":"post-6240","1":"product","2":"type-product","3":"status-publish","4":"has-post-thumbnail","6":"product_cat-briketter","8":"first","9":"instock","10":"purchasable","11":"product-type-simple"},"_links":{"self":[{"href":"https:\/\/orthodoxblessings.com\/sv\/wp-json\/wp\/v2\/product\/6240","targetHints":{"allow":["GET"]}}],"collection":[{"href":"https:\/\/orthodoxblessings.com\/sv\/wp-json\/wp\/v2\/product"}],"about":[{"href":"https:\/\/orthodoxblessings.com\/sv\/wp-json\/wp\/v2\/types\/product"}],"wp:featuredmedia":[{"embeddable":true,"href":"https:\/\/orthodoxblessings.com\/sv\/wp-json\/wp\/v2\/media\/3859"}],"wp:attachment":[{"href":"https:\/\/orthodoxblessings.com\/sv\/wp-json\/wp\/v2\/media?parent=6240"}],"wp:term":[{"taxonomy":"product_brand","embeddable":true,"href":"https:\/\/orthodoxblessings.com\/sv\/wp-json\/wp\/v2\/product_brand?post=6240"},{"taxonomy":"product_cat","embeddable":true,"href":"https:\/\/orthodoxblessings.com\/sv\/wp-json\/wp\/v2\/product_cat?post=6240"},{"taxonomy":"product_tag","embeddable":true,"href":"https:\/\/orthodoxblessings.com\/sv\/wp-json\/wp\/v2\/product_tag?post=6240"}],"curies":[{"name":"wp","href":"https:\/\/api.w.org\/{rel}","templated":true}]}}