{"id":6239,"date":"2025-05-26T11:01:22","date_gmt":"2025-05-26T11:01:22","guid":{"rendered":"https:\/\/orthodoxblessings.com\/shop\/set-med-rokelsekar-brikett-rokelse-och-kalender\/"},"modified":"2025-05-26T11:01:22","modified_gmt":"2025-05-26T11:01:22","slug":"set-med-rokelsekar-brikett-rokelse-och-kalender","status":"publish","type":"product","link":"https:\/\/orthodoxblessings.com\/sv\/shop\/set-med-rokelsekar-brikett-rokelse-och-kalender\/","title":{"rendered":"Set med r\u00f6kelsekar, brikett, r\u00f6kelse och kalender"},"content":{"rendered":"<p>En komplett upps\u00e4ttning f\u00f6r inhemska b\u00f6neritualer, inkluderar ett r\u00f6kelsekar, briketter, doftande r\u00f6kelse och en ortodox kalender.<\/p>\n","protected":false},"excerpt":{"rendered":"<p>En komplett upps\u00e4ttning f\u00f6r inhemska b\u00f6neritualer, inkluderar ett r\u00f6kelsekar, briketter, doftande r\u00f6kelse och en ortodox kalender.<\/p>\n","protected":false},"featured_media":0,"template":"","meta":{"give_campaign_id":0},"product_brand":[],"product_cat":[548],"product_tag":[],"class_list":{"0":"post-6239","1":"product","2":"type-product","3":"status-publish","5":"product_cat-set-med-rokelsekar","7":"first","8":"instock","9":"purchasable","10":"product-type-simple"},"_links":{"self":[{"href":"https:\/\/orthodoxblessings.com\/sv\/wp-json\/wp\/v2\/product\/6239","targetHints":{"allow":["GET"]}}],"collection":[{"href":"https:\/\/orthodoxblessings.com\/sv\/wp-json\/wp\/v2\/product"}],"about":[{"href":"https:\/\/orthodoxblessings.com\/sv\/wp-json\/wp\/v2\/types\/product"}],"wp:attachment":[{"href":"https:\/\/orthodoxblessings.com\/sv\/wp-json\/wp\/v2\/media?parent=6239"}],"wp:term":[{"taxonomy":"product_brand","embeddable":true,"href":"https:\/\/orthodoxblessings.com\/sv\/wp-json\/wp\/v2\/product_brand?post=6239"},{"taxonomy":"product_cat","embeddable":true,"href":"https:\/\/orthodoxblessings.com\/sv\/wp-json\/wp\/v2\/product_cat?post=6239"},{"taxonomy":"product_tag","embeddable":true,"href":"https:\/\/orthodoxblessings.com\/sv\/wp-json\/wp\/v2\/product_tag?post=6239"}],"curies":[{"name":"wp","href":"https:\/\/api.w.org\/{rel}","templated":true}]}}