{"id":6236,"date":"2025-05-26T11:01:22","date_gmt":"2025-05-26T11:01:22","guid":{"rendered":"https:\/\/orthodoxblessings.com\/shop\/jerusalem-myrra-gul-farg\/"},"modified":"2025-12-09T10:24:03","modified_gmt":"2025-12-09T10:24:03","slug":"jerusalem-myrra-gul-farg","status":"publish","type":"product","link":"https:\/\/orthodoxblessings.com\/sv\/shop\/jerusalem-myrra-gul-farg\/","title":{"rendered":"Jerusalem myrra &#8211; gul f\u00e4rg mindre f\u00f6rpackningar"},"content":{"rendered":"<p>En speciell version av Peace of Jerusalem, gul till f\u00e4rgen, med distinkta aromatiska toner som ger andlig tr\u00f6st.<\/p>\n","protected":false},"excerpt":{"rendered":"<p>En speciell version av Peace of Jerusalem, gul till f\u00e4rgen, med distinkta aromatiska toner som ger andlig tr\u00f6st.<\/p>\n","protected":false},"featured_media":6852,"template":"","meta":{"give_campaign_id":0},"product_brand":[],"product_cat":[578],"product_tag":[],"class_list":{"0":"post-6236","1":"product","2":"type-product","3":"status-publish","4":"has-post-thumbnail","6":"product_cat-smorjelseolja","8":"first","9":"instock","10":"purchasable","11":"product-type-simple"},"_links":{"self":[{"href":"https:\/\/orthodoxblessings.com\/sv\/wp-json\/wp\/v2\/product\/6236","targetHints":{"allow":["GET"]}}],"collection":[{"href":"https:\/\/orthodoxblessings.com\/sv\/wp-json\/wp\/v2\/product"}],"about":[{"href":"https:\/\/orthodoxblessings.com\/sv\/wp-json\/wp\/v2\/types\/product"}],"wp:featuredmedia":[{"embeddable":true,"href":"https:\/\/orthodoxblessings.com\/sv\/wp-json\/wp\/v2\/media\/6852"}],"wp:attachment":[{"href":"https:\/\/orthodoxblessings.com\/sv\/wp-json\/wp\/v2\/media?parent=6236"}],"wp:term":[{"taxonomy":"product_brand","embeddable":true,"href":"https:\/\/orthodoxblessings.com\/sv\/wp-json\/wp\/v2\/product_brand?post=6236"},{"taxonomy":"product_cat","embeddable":true,"href":"https:\/\/orthodoxblessings.com\/sv\/wp-json\/wp\/v2\/product_cat?post=6236"},{"taxonomy":"product_tag","embeddable":true,"href":"https:\/\/orthodoxblessings.com\/sv\/wp-json\/wp\/v2\/product_tag?post=6236"}],"curies":[{"name":"wp","href":"https:\/\/api.w.org\/{rel}","templated":true}]}}