{"id":6234,"date":"2025-05-26T11:01:22","date_gmt":"2025-05-26T11:01:22","guid":{"rendered":"https:\/\/orthodoxblessings.com\/shop\/jerusalems-myrra\/"},"modified":"2025-05-26T11:01:22","modified_gmt":"2025-05-26T11:01:22","slug":"jerusalems-myrra","status":"publish","type":"product","link":"https:\/\/orthodoxblessings.com\/sv\/shop\/jerusalems-myrra\/","title":{"rendered":"Jerusalems myrra"},"content":{"rendered":"<p>Jerusalems myrra \u00e4r en helig essens som anv\u00e4nds i b\u00f6ner och ortodoxa ritualer, vilket ger v\u00e4lsignelse och helande.<\/p>\n","protected":false},"excerpt":{"rendered":"<p>Jerusalems myrra \u00e4r en helig essens som anv\u00e4nds i b\u00f6ner och ortodoxa ritualer, vilket ger v\u00e4lsignelse och helande.<\/p>\n","protected":false},"featured_media":3852,"template":"","meta":{"give_campaign_id":0},"product_brand":[],"product_cat":[578],"product_tag":[],"class_list":{"0":"post-6234","1":"product","2":"type-product","3":"status-publish","4":"has-post-thumbnail","6":"product_cat-smorjelseolja","8":"first","9":"instock","10":"purchasable","11":"product-type-simple"},"_links":{"self":[{"href":"https:\/\/orthodoxblessings.com\/sv\/wp-json\/wp\/v2\/product\/6234","targetHints":{"allow":["GET"]}}],"collection":[{"href":"https:\/\/orthodoxblessings.com\/sv\/wp-json\/wp\/v2\/product"}],"about":[{"href":"https:\/\/orthodoxblessings.com\/sv\/wp-json\/wp\/v2\/types\/product"}],"wp:featuredmedia":[{"embeddable":true,"href":"https:\/\/orthodoxblessings.com\/sv\/wp-json\/wp\/v2\/media\/3852"}],"wp:attachment":[{"href":"https:\/\/orthodoxblessings.com\/sv\/wp-json\/wp\/v2\/media?parent=6234"}],"wp:term":[{"taxonomy":"product_brand","embeddable":true,"href":"https:\/\/orthodoxblessings.com\/sv\/wp-json\/wp\/v2\/product_brand?post=6234"},{"taxonomy":"product_cat","embeddable":true,"href":"https:\/\/orthodoxblessings.com\/sv\/wp-json\/wp\/v2\/product_cat?post=6234"},{"taxonomy":"product_tag","embeddable":true,"href":"https:\/\/orthodoxblessings.com\/sv\/wp-json\/wp\/v2\/product_tag?post=6234"}],"curies":[{"name":"wp","href":"https:\/\/api.w.org\/{rel}","templated":true}]}}