{"id":6232,"date":"2025-05-26T11:01:22","date_gmt":"2025-05-26T11:01:22","guid":{"rendered":"https:\/\/orthodoxblessings.com\/shop\/israelisk-myrra\/"},"modified":"2025-05-26T11:01:22","modified_gmt":"2025-05-26T11:01:22","slug":"israelisk-myrra","status":"publish","type":"product","link":"https:\/\/orthodoxblessings.com\/sv\/shop\/israelisk-myrra\/","title":{"rendered":"Israelisk myrra"},"content":{"rendered":"<p>Helig myrra direkt fr\u00e5n det heliga landet, k\u00e4nd f\u00f6r sin lugnande doft och heliga egenskaper.<\/p>\n","protected":false},"excerpt":{"rendered":"<p>Helig myrra direkt fr\u00e5n det heliga landet, k\u00e4nd f\u00f6r sin lugnande doft och heliga egenskaper.<\/p>\n","protected":false},"featured_media":3850,"template":"","meta":{"give_campaign_id":0},"product_brand":[],"product_cat":[578],"product_tag":[],"class_list":{"0":"post-6232","1":"product","2":"type-product","3":"status-publish","4":"has-post-thumbnail","6":"product_cat-smorjelseolja","8":"first","9":"instock","10":"purchasable","11":"product-type-simple"},"_links":{"self":[{"href":"https:\/\/orthodoxblessings.com\/sv\/wp-json\/wp\/v2\/product\/6232","targetHints":{"allow":["GET"]}}],"collection":[{"href":"https:\/\/orthodoxblessings.com\/sv\/wp-json\/wp\/v2\/product"}],"about":[{"href":"https:\/\/orthodoxblessings.com\/sv\/wp-json\/wp\/v2\/types\/product"}],"wp:featuredmedia":[{"embeddable":true,"href":"https:\/\/orthodoxblessings.com\/sv\/wp-json\/wp\/v2\/media\/3850"}],"wp:attachment":[{"href":"https:\/\/orthodoxblessings.com\/sv\/wp-json\/wp\/v2\/media?parent=6232"}],"wp:term":[{"taxonomy":"product_brand","embeddable":true,"href":"https:\/\/orthodoxblessings.com\/sv\/wp-json\/wp\/v2\/product_brand?post=6232"},{"taxonomy":"product_cat","embeddable":true,"href":"https:\/\/orthodoxblessings.com\/sv\/wp-json\/wp\/v2\/product_cat?post=6232"},{"taxonomy":"product_tag","embeddable":true,"href":"https:\/\/orthodoxblessings.com\/sv\/wp-json\/wp\/v2\/product_tag?post=6232"}],"curies":[{"name":"wp","href":"https:\/\/api.w.org\/{rel}","templated":true}]}}