{"id":6228,"date":"2025-05-26T11:01:22","date_gmt":"2025-05-26T11:01:22","guid":{"rendered":"https:\/\/orthodoxblessings.com\/shop\/vagglampa-i-brons-med-ikonen-for-st-arkeangeln-stefan\/"},"modified":"2025-05-26T11:01:22","modified_gmt":"2025-05-26T11:01:22","slug":"vagglampa-i-brons-med-ikonen-for-st-arkeangeln-stefan","status":"publish","type":"product","link":"https:\/\/orthodoxblessings.com\/sv\/shop\/vagglampa-i-brons-med-ikonen-for-st-arkeangeln-stefan\/","title":{"rendered":"V\u00e4gglampa i brons med ikonen f\u00f6r St. \u00c4rke\u00e4ngeln Stefan"},"content":{"rendered":"<p>En elegant bronsljusstake med en inbyggd ikon av St. \u00c4rke\u00e4ngeln Stefan. En symbol f\u00f6r skydd och andlig styrka, perfekt f\u00f6r ett familjehem eller kapell.  <\/p>\n","protected":false},"excerpt":{"rendered":"<p>En elegant bronsljusstake med en inbyggd ikon av St. \u00c4rke\u00e4ngeln Stefan. En symbol f\u00f6r skydd och andlig styrka, perfekt f\u00f6r ett familjehem eller kapell.<\/p>\n","protected":false},"featured_media":6808,"template":"","meta":{"give_campaign_id":0},"product_brand":[],"product_cat":[544],"product_tag":[],"class_list":{"0":"post-6228","1":"product","2":"type-product","3":"status-publish","4":"has-post-thumbnail","6":"product_cat-ljusstake","8":"first","9":"instock","10":"purchasable","11":"product-type-simple"},"_links":{"self":[{"href":"https:\/\/orthodoxblessings.com\/sv\/wp-json\/wp\/v2\/product\/6228","targetHints":{"allow":["GET"]}}],"collection":[{"href":"https:\/\/orthodoxblessings.com\/sv\/wp-json\/wp\/v2\/product"}],"about":[{"href":"https:\/\/orthodoxblessings.com\/sv\/wp-json\/wp\/v2\/types\/product"}],"wp:featuredmedia":[{"embeddable":true,"href":"https:\/\/orthodoxblessings.com\/sv\/wp-json\/wp\/v2\/media\/6808"}],"wp:attachment":[{"href":"https:\/\/orthodoxblessings.com\/sv\/wp-json\/wp\/v2\/media?parent=6228"}],"wp:term":[{"taxonomy":"product_brand","embeddable":true,"href":"https:\/\/orthodoxblessings.com\/sv\/wp-json\/wp\/v2\/product_brand?post=6228"},{"taxonomy":"product_cat","embeddable":true,"href":"https:\/\/orthodoxblessings.com\/sv\/wp-json\/wp\/v2\/product_cat?post=6228"},{"taxonomy":"product_tag","embeddable":true,"href":"https:\/\/orthodoxblessings.com\/sv\/wp-json\/wp\/v2\/product_tag?post=6228"}],"curies":[{"name":"wp","href":"https:\/\/api.w.org\/{rel}","templated":true}]}}