{"id":6227,"date":"2025-05-26T11:01:22","date_gmt":"2025-05-26T11:01:22","guid":{"rendered":"https:\/\/orthodoxblessings.com\/shop\/vagglampa-i-brons\/"},"modified":"2025-05-26T11:01:22","modified_gmt":"2025-05-26T11:01:22","slug":"vagglampa-i-brons","status":"publish","type":"product","link":"https:\/\/orthodoxblessings.com\/sv\/shop\/vagglampa-i-brons\/","title":{"rendered":"V\u00e4gglampa i brons"},"content":{"rendered":"<p>En solid och h\u00f6gkvalitativ v\u00e4gglampa i brons, handgjord med traditionella motiv. Dess varma f\u00e4rg och raffinerade hantverk g\u00f6r den till ett utm\u00e4rkt val f\u00f6r alla som vill ha en autentisk ortodox atmosf\u00e4r. <\/p>\n","protected":false},"excerpt":{"rendered":"<p>En solid och h\u00f6gkvalitativ v\u00e4gglampa i brons, handgjord med traditionella motiv. Dess varma f\u00e4rg och raffinerade hantverk g\u00f6r den till ett utm\u00e4rkt val f\u00f6r alla som vill ha en autentisk ortodox atmosf\u00e4r.<\/p>\n","protected":false},"featured_media":3846,"template":"","meta":{"give_campaign_id":0},"product_brand":[],"product_cat":[544],"product_tag":[],"class_list":{"0":"post-6227","1":"product","2":"type-product","3":"status-publish","4":"has-post-thumbnail","6":"product_cat-ljusstake","8":"first","9":"instock","10":"purchasable","11":"product-type-simple"},"_links":{"self":[{"href":"https:\/\/orthodoxblessings.com\/sv\/wp-json\/wp\/v2\/product\/6227","targetHints":{"allow":["GET"]}}],"collection":[{"href":"https:\/\/orthodoxblessings.com\/sv\/wp-json\/wp\/v2\/product"}],"about":[{"href":"https:\/\/orthodoxblessings.com\/sv\/wp-json\/wp\/v2\/types\/product"}],"wp:featuredmedia":[{"embeddable":true,"href":"https:\/\/orthodoxblessings.com\/sv\/wp-json\/wp\/v2\/media\/3846"}],"wp:attachment":[{"href":"https:\/\/orthodoxblessings.com\/sv\/wp-json\/wp\/v2\/media?parent=6227"}],"wp:term":[{"taxonomy":"product_brand","embeddable":true,"href":"https:\/\/orthodoxblessings.com\/sv\/wp-json\/wp\/v2\/product_brand?post=6227"},{"taxonomy":"product_cat","embeddable":true,"href":"https:\/\/orthodoxblessings.com\/sv\/wp-json\/wp\/v2\/product_cat?post=6227"},{"taxonomy":"product_tag","embeddable":true,"href":"https:\/\/orthodoxblessings.com\/sv\/wp-json\/wp\/v2\/product_tag?post=6227"}],"curies":[{"name":"wp","href":"https:\/\/api.w.org\/{rel}","templated":true}]}}