{"id":6225,"date":"2025-05-26T11:01:22","date_gmt":"2025-05-26T11:01:22","guid":{"rendered":"https:\/\/orthodoxblessings.com\/shop\/gyllene-vagglampa-3\/"},"modified":"2025-12-08T15:37:48","modified_gmt":"2025-12-08T15:37:48","slug":"silvervagglampa","status":"publish","type":"product","link":"https:\/\/orthodoxblessings.com\/sv\/shop\/silvervagglampa\/","title":{"rendered":"Silverv\u00e4gglampa"},"content":{"rendered":"<p>Vackert tillverkad v\u00e4ggmonterad silverlampa i silver, dekorerad med invecklade detaljer som ger en festlig och varm atmosf\u00e4r till alla hem eller kyrkor. Designad f\u00f6r att b\u00e4ra trons och ljusets l\u00e5ga, \u00e4r den perfekt f\u00f6r en b\u00f6nh\u00f6rna.<\/p>\n","protected":false},"excerpt":{"rendered":"<p>Vackert tillverkad v\u00e4ggmonterad silverlampa i silver, dekorerad med invecklade detaljer som ger en festlig och varm atmosf\u00e4r till alla hem eller kyrkor. Designad f\u00f6r att b\u00e4ra trons och ljusets l\u00e5ga, \u00e4r den perfekt f\u00f6r en b\u00f6nh\u00f6rna.<\/p>\n","protected":false},"featured_media":6823,"template":"","meta":{"give_campaign_id":0},"product_brand":[],"product_cat":[544],"product_tag":[],"class_list":{"0":"post-6225","1":"product","2":"type-product","3":"status-publish","4":"has-post-thumbnail","6":"product_cat-ljusstake","8":"first","9":"instock","10":"purchasable","11":"product-type-simple"},"_links":{"self":[{"href":"https:\/\/orthodoxblessings.com\/sv\/wp-json\/wp\/v2\/product\/6225","targetHints":{"allow":["GET"]}}],"collection":[{"href":"https:\/\/orthodoxblessings.com\/sv\/wp-json\/wp\/v2\/product"}],"about":[{"href":"https:\/\/orthodoxblessings.com\/sv\/wp-json\/wp\/v2\/types\/product"}],"wp:featuredmedia":[{"embeddable":true,"href":"https:\/\/orthodoxblessings.com\/sv\/wp-json\/wp\/v2\/media\/6823"}],"wp:attachment":[{"href":"https:\/\/orthodoxblessings.com\/sv\/wp-json\/wp\/v2\/media?parent=6225"}],"wp:term":[{"taxonomy":"product_brand","embeddable":true,"href":"https:\/\/orthodoxblessings.com\/sv\/wp-json\/wp\/v2\/product_brand?post=6225"},{"taxonomy":"product_cat","embeddable":true,"href":"https:\/\/orthodoxblessings.com\/sv\/wp-json\/wp\/v2\/product_cat?post=6225"},{"taxonomy":"product_tag","embeddable":true,"href":"https:\/\/orthodoxblessings.com\/sv\/wp-json\/wp\/v2\/product_tag?post=6225"}],"curies":[{"name":"wp","href":"https:\/\/api.w.org\/{rel}","templated":true}]}}