{"id":6222,"date":"2025-05-26T11:01:22","date_gmt":"2025-05-26T11:01:22","guid":{"rendered":"https:\/\/orthodoxblessings.com\/shop\/gyllene-vagglampa\/"},"modified":"2025-09-06T08:55:20","modified_gmt":"2025-09-06T08:55:20","slug":"gyllene-vagglampa","status":"publish","type":"product","link":"https:\/\/orthodoxblessings.com\/sv\/shop\/gyllene-vagglampa\/","title":{"rendered":"Gyllene v\u00e4gglampa"},"content":{"rendered":"<p>En vackert utformad gyllene v\u00e4gglampa, dekorerad med fina detaljer som ger en festlig och varm look till alla hem eller tempel. Designad f\u00f6r att b\u00e4ra trons l\u00e5ga och ljus, perfekt f\u00f6r b\u00f6neh\u00f6rnan.<\/p>\n","protected":false},"excerpt":{"rendered":"<p>En vackert utformad gyllene v\u00e4gglampa, dekorerad med fina detaljer som ger en festlig och varm look till alla hem eller tempel. Designad f\u00f6r att b\u00e4ra trons l\u00e5ga och ljus, perfekt f\u00f6r b\u00f6neh\u00f6rnan.<\/p>\n","protected":false},"featured_media":3840,"template":"","meta":{"give_campaign_id":0},"product_brand":[],"product_cat":[544],"product_tag":[],"class_list":{"0":"post-6222","1":"product","2":"type-product","3":"status-publish","4":"has-post-thumbnail","6":"product_cat-ljusstake","8":"first","9":"instock","10":"purchasable","11":"product-type-simple"},"_links":{"self":[{"href":"https:\/\/orthodoxblessings.com\/sv\/wp-json\/wp\/v2\/product\/6222","targetHints":{"allow":["GET"]}}],"collection":[{"href":"https:\/\/orthodoxblessings.com\/sv\/wp-json\/wp\/v2\/product"}],"about":[{"href":"https:\/\/orthodoxblessings.com\/sv\/wp-json\/wp\/v2\/types\/product"}],"wp:featuredmedia":[{"embeddable":true,"href":"https:\/\/orthodoxblessings.com\/sv\/wp-json\/wp\/v2\/media\/3840"}],"wp:attachment":[{"href":"https:\/\/orthodoxblessings.com\/sv\/wp-json\/wp\/v2\/media?parent=6222"}],"wp:term":[{"taxonomy":"product_brand","embeddable":true,"href":"https:\/\/orthodoxblessings.com\/sv\/wp-json\/wp\/v2\/product_brand?post=6222"},{"taxonomy":"product_cat","embeddable":true,"href":"https:\/\/orthodoxblessings.com\/sv\/wp-json\/wp\/v2\/product_cat?post=6222"},{"taxonomy":"product_tag","embeddable":true,"href":"https:\/\/orthodoxblessings.com\/sv\/wp-json\/wp\/v2\/product_tag?post=6222"}],"curies":[{"name":"wp","href":"https:\/\/api.w.org\/{rel}","templated":true}]}}