{"id":6221,"date":"2025-05-26T11:01:22","date_gmt":"2025-05-26T11:01:22","guid":{"rendered":"https:\/\/orthodoxblessings.com\/shop\/dukar-for-brollop-med-ett-gyllene-kors\/"},"modified":"2025-05-26T11:01:22","modified_gmt":"2025-05-26T11:01:22","slug":"dukar-for-brollop-med-ett-gyllene-kors","status":"publish","type":"product","link":"https:\/\/orthodoxblessings.com\/sv\/shop\/dukar-for-brollop-med-ett-gyllene-kors\/","title":{"rendered":"Dukar f\u00f6r br\u00f6llop med ett gyllene kors"},"content":{"rendered":"<p>Festliga br\u00f6llopsdukar dekorerade med ett gyllene kors \u00e4r en symbol f\u00f6r andligt skydd och v\u00e4lsignelse f\u00f6r de nygifta.<\/p>\n","protected":false},"excerpt":{"rendered":"<p>Festliga br\u00f6llopsdukar dekorerade med ett gyllene kors \u00e4r en symbol f\u00f6r andligt skydd och v\u00e4lsignelse f\u00f6r de nygifta.<\/p>\n","protected":false},"featured_media":3829,"template":"","meta":{"give_campaign_id":0},"product_brand":[],"product_cat":[532],"product_tag":[],"class_list":{"0":"post-6221","1":"product","2":"type-product","3":"status-publish","4":"has-post-thumbnail","6":"product_cat-brollopsset","8":"first","9":"instock","10":"purchasable","11":"product-type-simple"},"_links":{"self":[{"href":"https:\/\/orthodoxblessings.com\/sv\/wp-json\/wp\/v2\/product\/6221","targetHints":{"allow":["GET"]}}],"collection":[{"href":"https:\/\/orthodoxblessings.com\/sv\/wp-json\/wp\/v2\/product"}],"about":[{"href":"https:\/\/orthodoxblessings.com\/sv\/wp-json\/wp\/v2\/types\/product"}],"wp:featuredmedia":[{"embeddable":true,"href":"https:\/\/orthodoxblessings.com\/sv\/wp-json\/wp\/v2\/media\/3829"}],"wp:attachment":[{"href":"https:\/\/orthodoxblessings.com\/sv\/wp-json\/wp\/v2\/media?parent=6221"}],"wp:term":[{"taxonomy":"product_brand","embeddable":true,"href":"https:\/\/orthodoxblessings.com\/sv\/wp-json\/wp\/v2\/product_brand?post=6221"},{"taxonomy":"product_cat","embeddable":true,"href":"https:\/\/orthodoxblessings.com\/sv\/wp-json\/wp\/v2\/product_cat?post=6221"},{"taxonomy":"product_tag","embeddable":true,"href":"https:\/\/orthodoxblessings.com\/sv\/wp-json\/wp\/v2\/product_tag?post=6221"}],"curies":[{"name":"wp","href":"https:\/\/api.w.org\/{rel}","templated":true}]}}